{"id":8595,"date":"2024-03-19T14:58:46","date_gmt":"2024-03-19T13:58:46","guid":{"rendered":"https:\/\/www.neo-messtechnik.com\/?page_id=8595"},"modified":"2024-03-19T17:14:10","modified_gmt":"2024-03-19T16:14:10","slug":"download","status":"publish","type":"page","link":"https:\/\/www.neo-messtechnik.com\/de\/download","title":{"rendered":"Download"},"content":{"rendered":"<div class=\"wpb-content-wrapper\"><div id=\"fws_69fc6a479d560\" class=\"vc_row wpb_row vc_row-fluid  animate_onoffset row-dynamic-el standard_section\" style=\"\" ><div  style=\"position: absolute;top: 0;\"><\/div><div class=\"container  dark\"><div class=\"section_clear\">\n\t<div class=\"vc_col-sm-3 wpb_column column_container\" style=\"\" data-animation=\"none\" data-delay=\"\">\n\t\t\t<div class=\"wpb_wrapper\">\n\t\t\t\t\n\t\t\t<\/div> \n\t<\/div> \n\n\t<div class=\"vc_col-sm-3 wpb_column column_container\" style=\"\" data-animation=\"none\" data-delay=\"\">\n\t\t\t<div class=\"wpb_wrapper\">\n\t\t\t\t<div class=\"wpb_content_element button\"><a  class=\"btn-bt align-left default\" href=\"https:\/\/www.neo-messtechnik.com\/wp-content\/uploads\/2024\/03\/NEO-PV-Master-10-Manual_EN_V1.2.pdf\"><span>Manual<\/span><i class=\"steadysets-icon-book2\"><\/i><\/a><\/div>\n\t\t\t<\/div> \n\t<\/div> \n\n\t<div class=\"vc_col-sm-3 wpb_column column_container\" style=\"\" data-animation=\"none\" data-delay=\"\">\n\t\t\t<div class=\"wpb_wrapper\">\n\t\t\t\t<div class=\"wpb_content_element button\"><a  class=\"btn-bt align-left default\" href=\"#\"><span>Quickstart<\/span><i class=\"steadysets-icon-book2\"><\/i><\/a><\/div>\n\t\t\t<\/div> \n\t<\/div> \n\n\t<div class=\"vc_col-sm-3 wpb_column column_container\" style=\"\" data-animation=\"none\" data-delay=\"\">\n\t\t\t<div class=\"wpb_wrapper\">\n\t\t\t\t\n\t\t\t<\/div> \n\t<\/div> \n<\/div><\/div><\/div><div id=\"fws_69fc6a479e73f\" class=\"vc_row wpb_row vc_row-fluid  animate_onoffset row-dynamic-el standard_section\" style=\"\" ><div  style=\"position: absolute;top: 0;\"><\/div><div class=\"container  dark\"><div class=\"section_clear\">\n\t<div class=\"vc_col-sm-12 wpb_column column_container\" style=\"\" data-animation=\"none\" data-delay=\"\">\n\t\t\t<div class=\"wpb_wrapper\">\n\t\t\t\t<div class=\"vc_custom_heading wpb_content_element\" ><h2 style=\"font-size: 36px;color: #1c1c1c;text-align: center\" >Erfahren Sie mehr ..<\/h2><\/div><div class=\"codeless_separator\" style=\" height:1px;  margin-top:0px;  margin-bottom:35px; \"><span class=\"separator\" style=\" width:60px;  background:#ffdd00;  left:50%;height:100%; margin-left: -30px;position: absolute;\"><\/span><\/div><div class=\"vc_row wpb_row vc_inner vc_row-fluid vc_row-o-equal-height vc_row-o-content-top vc_row-flex\"><div class=\"wpb_column vc_column_container vc_col-sm-4\"><div class=\"vc_column-inner\"><div class=\"wpb_wrapper\"><div class=\"wpb_content_element media_align_left media media_el animate_onoffset\"><div class=\"media_wrapper\" ><img decoding=\"async\" src=\"https:\/\/www.neo-messtechnik.com\/wp-content\/uploads\/2021\/01\/Cover-Image.jpg\" alt=\"Alt Text\" class=\"type_image animated fadeInLeft alignment_left\" \/><\/div><\/div><\/div><\/div><\/div><div class=\"wpb_column vc_column_container vc_col-sm-4\"><div class=\"vc_column-inner\"><div class=\"wpb_wrapper\">\n\t<div class=\"wpb_text_column wpb_content_element\">\n\t\t<div class=\"wpb_wrapper\" >\n\t\t\t<h3 style=\"text-align: center;\">How Not To - \u00dcberholter Messaufbau<\/h3>\n<p class=\"translation-block\">Die Analyse der Auswirkungen von Superharmonischen erfordert Power Quality Analyzer, die einen Frequenzbereich bis zu 500 kHz abdecken. Klassische PQ-Analyzer k\u00f6nnen dies jedoch aufgrund ihrer begrenzten Bandbreite nicht. \nTypischerweise k\u00f6nnen sie bis zur 50. Harmonischen (2,5 kHz) messen und h\u00f6here Spannungs- und Stromemissionen nicht erkennen. Damit sind sie <strong>nicht in der Lage<\/strong>, bei der Fehlersuche eingesetzt zu werden.<\/p>\n\n\t\t<\/div> \n\t<\/div> <\/div><\/div><\/div><div class=\"wpb_column vc_column_container vc_col-sm-4\"><div class=\"vc_column-inner\"><div class=\"wpb_wrapper\">\n\t<div class=\"wpb_text_column wpb_content_element\">\n\t\t<div class=\"wpb_wrapper\" >\n\t\t\t<h3 style=\"text-align: center;\">How To - Fehlersuche mit dem PQA 8000H<\/h3>\n<p class=\"translation-block\">In dieser Applikationsbeschreibung skizzieren wir die Komplexit\u00e4t und die Unzul\u00e4nglichkeiten traditioneller Messans\u00e4tze, die wir oft in der Praxis sehen. Gl\u00fccklicherweise werden Ingenieure mit der entsprechenden Messausr\u00fcstung nicht in diese Verlegenheit kommen. Unsere Kunden sch\u00e4tzen den <a href=\"https:\/\/www.neo-messtechnik.com\/de\/produkte\/\" target=\"_self\" rel=\"noopener nofollow noreferrer\">PQA8000H <\/a>bei der Fehlersuche von supraharmonischen Emissionen, bei denen er seine St\u00e4rken beweist.<\/p>\n\n\t\t<\/div> \n\t<\/div> <div class=\"vc_btn3-container vc_btn3-center vc_do_btn\" ><a class=\"vc_general vc_btn3 vc_btn3-size-md vc_btn3-shape-rounded vc_btn3-style-modern vc_btn3-color-grey\" href=\"https:\/\/www.neo-messtechnik.com\/de\/netzqualitaets-analyse-applikationen\/#SH\" title=\"Anwendungen\">Anwendungen<\/a><\/div><\/div><\/div><\/div><\/div>\n\t\t\t<\/div> \n\t<\/div> \n<\/div><\/div><\/div>\n<\/div>","protected":false},"excerpt":{"rendered":"Manual Quickstart Learn more about .. How Not To - Out-dated Measurement Approach Analysing the effects of Supraharmonics asks for Power Quality Analyzer that cover a frequency range up to 500 kHz. Classical PQ Analyzers present problems because of their limited bandwidth. Typically they can measure up to the 50th Harmonics (2.5kHz), but cannot detect [...]","protected":false},"author":287,"featured_media":0,"parent":0,"menu_order":0,"comment_status":"closed","ping_status":"closed","template":"","meta":{"footnotes":""},"class_list":["post-8595","page","type-page","status-publish","hentry"],"yoast_head":"<!-- This site is optimized with the Yoast SEO plugin v27.5 - https:\/\/yoast.com\/product\/yoast-seo-wordpress\/ -->\n<title>Download - NEO Messtechnik<\/title>\n<meta name=\"description\" content=\"24bit, 1MS\/s, multi-touch display and 4 hours of mobile operation. Learn more about our ClassA++ Power Quality Analyzer!\" \/>\n<meta name=\"robots\" content=\"index, follow, max-snippet:-1, max-image-preview:large, max-video-preview:-1\" \/>\n<link rel=\"canonical\" href=\"https:\/\/www.neo-messtechnik.com\/de\/download\/\" \/>\n<meta property=\"og:locale\" content=\"de_DE\" \/>\n<meta property=\"og:type\" content=\"article\" \/>\n<meta property=\"og:title\" content=\"Download - NEO Messtechnik\" \/>\n<meta property=\"og:description\" content=\"24bit, 1MS\/s, multi-touch display and 4 hours of mobile operation. Learn more about our ClassA++ Power Quality Analyzer!\" \/>\n<meta property=\"og:url\" content=\"https:\/\/www.neo-messtechnik.com\/de\/download\/\" \/>\n<meta property=\"og:site_name\" content=\"NEO Messtechnik\" \/>\n<meta property=\"article:modified_time\" content=\"2024-03-19T16:14:10+00:00\" \/>\n<meta name=\"twitter:card\" content=\"summary_large_image\" \/>\n<meta name=\"twitter:label1\" content=\"Gesch\u00e4tzte Lesezeit\" \/>\n\t<meta name=\"twitter:data1\" content=\"1\u00a0Minute\" \/>\n<script type=\"application\/ld+json\" class=\"yoast-schema-graph\">{\"@context\":\"https:\\\/\\\/schema.org\",\"@graph\":[{\"@type\":\"WebPage\",\"@id\":\"https:\\\/\\\/www.neo-messtechnik.com\\\/download\",\"url\":\"https:\\\/\\\/www.neo-messtechnik.com\\\/download\",\"name\":\"Download - NEO Messtechnik\",\"isPartOf\":{\"@id\":\"https:\\\/\\\/www.neo-messtechnik.com\\\/en\\\/#website\"},\"datePublished\":\"2024-03-19T13:58:46+00:00\",\"dateModified\":\"2024-03-19T16:14:10+00:00\",\"description\":\"24bit, 1MS\\\/s, multi-touch display and 4 hours of mobile operation. Learn more about our ClassA++ Power Quality Analyzer!\",\"breadcrumb\":{\"@id\":\"https:\\\/\\\/www.neo-messtechnik.com\\\/download#breadcrumb\"},\"inLanguage\":\"de\",\"potentialAction\":[{\"@type\":\"ReadAction\",\"target\":[\"https:\\\/\\\/www.neo-messtechnik.com\\\/download\"]}]},{\"@type\":\"BreadcrumbList\",\"@id\":\"https:\\\/\\\/www.neo-messtechnik.com\\\/download#breadcrumb\",\"itemListElement\":[{\"@type\":\"ListItem\",\"position\":1,\"name\":\"Home\",\"item\":\"https:\\\/\\\/www.neo-messtechnik.com\\\/\"},{\"@type\":\"ListItem\",\"position\":2,\"name\":\"Download\"}]},{\"@type\":\"WebSite\",\"@id\":\"https:\\\/\\\/www.neo-messtechnik.com\\\/en\\\/#website\",\"url\":\"https:\\\/\\\/www.neo-messtechnik.com\\\/en\\\/\",\"name\":\"NEO Messtechnik\",\"description\":\"Power Quality with perfection\",\"publisher\":{\"@id\":\"https:\\\/\\\/www.neo-messtechnik.com\\\/en\\\/#organization\"},\"potentialAction\":[{\"@type\":\"SearchAction\",\"target\":{\"@type\":\"EntryPoint\",\"urlTemplate\":\"https:\\\/\\\/www.neo-messtechnik.com\\\/en\\\/?s={search_term_string}\"},\"query-input\":{\"@type\":\"PropertyValueSpecification\",\"valueRequired\":true,\"valueName\":\"search_term_string\"}}],\"inLanguage\":\"de\"},{\"@type\":\"Organization\",\"@id\":\"https:\\\/\\\/www.neo-messtechnik.com\\\/en\\\/#organization\",\"name\":\"NEO Messtechnik GmbH\",\"url\":\"https:\\\/\\\/www.neo-messtechnik.com\\\/en\\\/\",\"logo\":{\"@type\":\"ImageObject\",\"inLanguage\":\"de\",\"@id\":\"https:\\\/\\\/www.neo-messtechnik.com\\\/en\\\/#\\\/schema\\\/logo\\\/image\\\/\",\"url\":\"https:\\\/\\\/www.neo-messtechnik.com\\\/wp-content\\\/uploads\\\/2020\\\/02\\\/Logo-german-english-3.png\",\"contentUrl\":\"https:\\\/\\\/www.neo-messtechnik.com\\\/wp-content\\\/uploads\\\/2020\\\/02\\\/Logo-german-english-3.png\",\"width\":466,\"height\":264,\"caption\":\"NEO Messtechnik GmbH\"},\"image\":{\"@id\":\"https:\\\/\\\/www.neo-messtechnik.com\\\/en\\\/#\\\/schema\\\/logo\\\/image\\\/\"},\"sameAs\":[\"http:\\\/\\\/linkedin.com\\\/company\\\/neo-messtechnik\"]}]}<\/script>\n<!-- \/ Yoast SEO plugin. -->","yoast_head_json":{"title":"Download - NEO Messtechnik","description":"24bit, 1MS\/s, Multitouch-Display und 4 Stunden mobiler Betrieb. Erfahren Sie mehr \u00fcber unser Klasse A++ Netzqualit\u00e4ts-Messger\u00e4t!","robots":{"index":"index","follow":"follow","max-snippet":"max-snippet:-1","max-image-preview":"max-image-preview:large","max-video-preview":"max-video-preview:-1"},"canonical":"https:\/\/www.neo-messtechnik.com\/de\/download\/","og_locale":"de_DE","og_type":"article","og_title":"Download - NEO Messtechnik","og_description":"24bit, 1MS\/s, multi-touch display and 4 hours of mobile operation. Learn more about our ClassA++ Power Quality Analyzer!","og_url":"https:\/\/www.neo-messtechnik.com\/de\/download\/","og_site_name":"NEO Messtechnik","article_modified_time":"2024-03-19T16:14:10+00:00","twitter_card":"summary_large_image","twitter_misc":{"Gesch\u00e4tzte Lesezeit":"1\u00a0Minute"},"schema":{"@context":"https:\/\/schema.org","@graph":[{"@type":"WebPage","@id":"https:\/\/www.neo-messtechnik.com\/download","url":"https:\/\/www.neo-messtechnik.com\/download","name":"Download - NEO Messtechnik","isPartOf":{"@id":"https:\/\/www.neo-messtechnik.com\/en\/#website"},"datePublished":"2024-03-19T13:58:46+00:00","dateModified":"2024-03-19T16:14:10+00:00","description":"24bit, 1MS\/s, Multitouch-Display und 4 Stunden mobiler Betrieb. Erfahren Sie mehr \u00fcber unser Klasse A++ Netzqualit\u00e4ts-Messger\u00e4t!","breadcrumb":{"@id":"https:\/\/www.neo-messtechnik.com\/download#breadcrumb"},"inLanguage":"de","potentialAction":[{"@type":"ReadAction","target":["https:\/\/www.neo-messtechnik.com\/download"]}]},{"@type":"BreadcrumbList","@id":"https:\/\/www.neo-messtechnik.com\/download#breadcrumb","itemListElement":[{"@type":"ListItem","position":1,"name":"Home","item":"https:\/\/www.neo-messtechnik.com\/"},{"@type":"ListItem","position":2,"name":"Download"}]},{"@type":"WebSite","@id":"https:\/\/www.neo-messtechnik.com\/en\/#website","url":"https:\/\/www.neo-messtechnik.com\/en\/","name":"NEO Messtechnik","description":"Power Quality with perfection","publisher":{"@id":"https:\/\/www.neo-messtechnik.com\/en\/#organization"},"potentialAction":[{"@type":"SearchAction","target":{"@type":"EntryPoint","urlTemplate":"https:\/\/www.neo-messtechnik.com\/en\/?s={search_term_string}"},"query-input":{"@type":"PropertyValueSpecification","valueRequired":true,"valueName":"search_term_string"}}],"inLanguage":"de"},{"@type":"Organization","@id":"https:\/\/www.neo-messtechnik.com\/en\/#organization","name":"NEO Messtechnik GmbH","url":"https:\/\/www.neo-messtechnik.com\/en\/","logo":{"@type":"ImageObject","inLanguage":"de","@id":"https:\/\/www.neo-messtechnik.com\/en\/#\/schema\/logo\/image\/","url":"https:\/\/www.neo-messtechnik.com\/wp-content\/uploads\/2020\/02\/Logo-german-english-3.png","contentUrl":"https:\/\/www.neo-messtechnik.com\/wp-content\/uploads\/2020\/02\/Logo-german-english-3.png","width":466,"height":264,"caption":"NEO Messtechnik GmbH"},"image":{"@id":"https:\/\/www.neo-messtechnik.com\/en\/#\/schema\/logo\/image\/"},"sameAs":["http:\/\/linkedin.com\/company\/neo-messtechnik"]}]}},"_links":{"self":[{"href":"https:\/\/www.neo-messtechnik.com\/de\/wp-json\/wp\/v2\/pages\/8595","targetHints":{"allow":["GET"]}}],"collection":[{"href":"https:\/\/www.neo-messtechnik.com\/de\/wp-json\/wp\/v2\/pages"}],"about":[{"href":"https:\/\/www.neo-messtechnik.com\/de\/wp-json\/wp\/v2\/types\/page"}],"author":[{"embeddable":true,"href":"https:\/\/www.neo-messtechnik.com\/de\/wp-json\/wp\/v2\/users\/287"}],"replies":[{"embeddable":true,"href":"https:\/\/www.neo-messtechnik.com\/de\/wp-json\/wp\/v2\/comments?post=8595"}],"version-history":[{"count":6,"href":"https:\/\/www.neo-messtechnik.com\/de\/wp-json\/wp\/v2\/pages\/8595\/revisions"}],"predecessor-version":[{"id":8602,"href":"https:\/\/www.neo-messtechnik.com\/de\/wp-json\/wp\/v2\/pages\/8595\/revisions\/8602"}],"wp:attachment":[{"href":"https:\/\/www.neo-messtechnik.com\/de\/wp-json\/wp\/v2\/media?parent=8595"}],"curies":[{"name":"wp","href":"https:\/\/api.w.org\/{rel}","templated":true}]}}