{"id":17,"date":"2014-12-08T13:43:47","date_gmt":"2014-12-08T13:43:47","guid":{"rendered":"http:\/\/localhost\/business4\/?page_id=17"},"modified":"2026-04-07T18:20:41","modified_gmt":"2026-04-07T16:20:41","slug":"home-of-power-quality","status":"publish","type":"page","link":"https:\/\/www.neo-messtechnik.com\/de\/","title":{"rendered":"Home of Power Quality"},"content":{"rendered":"<div class=\"wpb-content-wrapper\"><div id=\"fws_69ef51113624f\" class=\"vc_row wpb_row vc_row-fluid  animate_onoffset row-dynamic-el standard_section\" style=\"\" ><div  style=\"position: absolute;top: 0;\"><\/div><div class=\"container  dark\"><div class=\"section_clear\">\n\t<div class=\"vc_col-sm-12 wpb_column column_container\" style=\"\" data-animation=\"none\" data-delay=\"\">\n\t\t\t<div class=\"wpb_wrapper\">\n\t\t\t\t\n\t\t\t<\/div> \n\t<\/div> \n<\/div><\/div><\/div><div id=\"fws_69ef51113714d\" class=\"vc_row wpb_row vc_row-fluid  animate_onoffset row-dynamic-el section-style\" style=\"background-color: #f9f9f9; padding-bottom: 0px ; \" ><div  style=\"position: absolute;top: 0;\"><\/div><div class=\"container  dark\"><div class=\"section_clear\">\n\t<div class=\"vc_col-sm-12 wpb_column column_container\" style=\"\" data-animation=\"none\" data-delay=\"\">\n\t\t\t<div class=\"wpb_wrapper\">\n\t\t\t\t<div class=\"vc_custom_heading wpb_content_element\" ><h2 style=\"font-size: 36px;color: #1c1c1c;text-align: center\" >Unsere Messger\u00e4te<\/h2><\/div><div class=\"vc_custom_heading wpb_content_element\" ><h2 style=\"font-size: 16px;color: #1c1c1c;line-height: 24px;text-align: center;letter-spacing:6px\" >F\u00fcr Sie entworfen<\/h2><\/div><div class=\"codeless_separator\" style=\" height:1px;  margin-top:0px;  margin-bottom:35px; \"><span class=\"separator\" style=\" width:60px;  background:#ffdd00;  left:50%;height:100%; margin-left: -30px;position: absolute;\"><\/span><\/div>\n\t\t\t<\/div> \n\t<\/div> \n<\/div><\/div><\/div><div id=\"fws_69ef511138931\" class=\"vc_row wpb_row vc_row-fluid  animate_onoffset row-dynamic-el section-style\" style=\"background-color: #f9f9f9; padding-top: 0px ; \" ><div  style=\"position: absolute;top: 0;\"><\/div><div class=\"container  dark\"><div class=\"section_clear\">\n\t<div class=\"vc_col-sm-4 wpb_column column_container\" style=\"\" data-animation=\"none\" data-delay=\"\">\n\t\t\t<div class=\"wpb_wrapper\">\n\t\t\t\t<div class=\"wpb_content_element media_align_left media media_el animate_onoffset\"><div class=\"media_wrapper\" ><a href=\"https:\/\/www.neo-messtechnik.com\/de\/pqa8000\/\" target=\"_blank\"><img decoding=\"async\" src=\"https:\/\/www.neo-messtechnik.com\/wp-content\/uploads\/2025\/01\/PQA8000H_schrag2-2.jpg\" alt=\"Media\" class=\"type_image animated fadeInnone alignment_left\" \/><\/a><\/div><\/div><div class=\"vc_row wpb_row vc_inner vc_row-fluid\"><div class=\"wpb_column vc_column_container vc_col-sm-12 vc_col-has-fill\"><div class=\"vc_column-inner vc_custom_1552139359393\"><div class=\"wpb_wrapper\"><div class=\"vc_custom_heading vc_custom_1721135746527 wpb_content_element\" ><h3 style=\"font-size: 24px;line-height: 32px;text-align: left\" ><a href=\"https:\/\/www.neo-messtechnik.com\/de\/pqa8000\/\">Power Quality Messger\u00e4te<\/a><\/h3><\/div>\n\t<div class=\"wpb_text_column wpb_content_element\">\n\t\t<div class=\"wpb_wrapper\" >\n\t\t\t<p>Das Referenzger\u00e4t am Markt f\u00fcr Netzqualit\u00e4tsanalysen<\/p>\n\n\t\t<\/div> \n\t<\/div> <div class=\"wpb_content_element button\"><a  class=\"btn-bt align-left default\" href=\"https:\/\/www.neo-messtechnik.com\/de\/pqa8000\/\"><span>Weiterlesen<\/span><i class=\"steadysets-icon-type\"><\/i><\/a><\/div><\/div><\/div><\/div><\/div>\n\t\t\t<\/div> \n\t<\/div> \n\n\t<div class=\"vc_col-sm-4 wpb_column column_container\" style=\"\" data-animation=\"none\" data-delay=\"\">\n\t\t\t<div class=\"wpb_wrapper\">\n\t\t\t\t<div class=\"wpb_content_element media_align_left media media_el animate_onoffset\"><div class=\"media_wrapper\" ><a href=\"https:\/\/www.neo-messtechnik.com\/de\/pv-master-10\/\" target=\"_blank\"><img decoding=\"async\" src=\"https:\/\/www.neo-messtechnik.com\/wp-content\/uploads\/2024\/02\/Unbenannt-1.png\" alt=\"Media\" class=\"type_image animated fadeInnone alignment_left\" \/><\/a><\/div><\/div><div class=\"vc_row wpb_row vc_inner vc_row-fluid vc_row-o-equal-height vc_row-o-content-bottom vc_row-flex\"><div class=\"wpb_column vc_column_container vc_col-sm-12 vc_col-has-fill\"><div class=\"vc_column-inner vc_custom_1552139359393\"><div class=\"wpb_wrapper\"><div class=\"vc_custom_heading vc_custom_1721402132246 wpb_content_element\" ><h3 style=\"font-size: 24px;line-height: 32px;text-align: left\" ><a href=\"https:\/\/www.neo-messtechnik.com\/de\/pv-master-10\/\">Mobile PV Kennlinienpr\u00fcfger\u00e4te<\/a><\/h3><\/div>\n\t<div class=\"wpb_text_column wpb_content_element\">\n\t\t<div class=\"wpb_wrapper\" >\n\t\t\t<p>Simultane Pr\u00fcfung von bis zu 20 Strings<\/p>\n\n\t\t<\/div> \n\t<\/div> <div class=\"wpb_content_element button\"><a  class=\"btn-bt align-left default\" href=\"https:\/\/www.neo-messtechnik.com\/de\/pv-master-10\/\"><span>Weiterlesen<\/span><i class=\"steadysets-icon-type\"><\/i><\/a><\/div><\/div><\/div><\/div><\/div>\n\t\t\t<\/div> \n\t<\/div> \n\n\t<div class=\"vc_col-sm-4 wpb_column column_container\" style=\"\" data-animation=\"none\" data-delay=\"\">\n\t\t\t<div class=\"wpb_wrapper\">\n\t\t\t\t<div class=\"wpb_content_element media_align_left media media_el animate_onoffset\"><div class=\"media_wrapper\" ><a href=\"https:\/\/www.neo-messtechnik.com\/de\/pqa-8000h-rack-mount-power-quality-analyzer\/\" target=\"_blank\"><img decoding=\"async\" src=\"https:\/\/www.neo-messtechnik.com\/wp-content\/uploads\/2026\/04\/PQA8000H-Rackmount_Front-transparent-Copy.png\" alt=\"Media\" class=\"type_image animated fadeInnone alignment_left\" \/><\/a><\/div><\/div><div class=\"vc_row wpb_row vc_inner vc_row-fluid\"><div class=\"wpb_column vc_column_container vc_col-sm-12 vc_col-has-fill\"><div class=\"vc_column-inner vc_custom_1552139359393\"><div class=\"wpb_wrapper\"><div class=\"vc_custom_heading vc_custom_1775578368456 wpb_content_element\" ><h3 style=\"font-size: 24px;line-height: 32px;text-align: left\" ><a href=\"https:\/\/www.neo-messtechnik.com\/de\/pqa-8000h-rack-mount-power-quality-analyzer\/\" title=\"PQA 8000H Rack Mount Power Quality Analyzer\">PQA 8000H-RM Rack Mount<\/a><\/h3><\/div>\n\t<div class=\"wpb_text_column wpb_content_element\">\n\t\t<div class=\"wpb_wrapper\" >\n\t\t\t<p>Premium Power Quality Monitoring f\u00fcr den Dauereinsatz.<\/p>\n\n\t\t<\/div> \n\t<\/div> <div class=\"wpb_content_element button\"><a  class=\"btn-bt align-left default\" href=\"https:\/\/www.neo-messtechnik.com\/de\/pqa-8000h-rack-mount-power-quality-analyzer\/\"><span>Weiterlesen<\/span><i class=\"steadysets-icon-type\"><\/i><\/a><\/div><\/div><\/div><\/div><\/div>\n\t\t\t<\/div> \n\t<\/div> \n<\/div><\/div><\/div><div id=\"fws_69ef511141fdc\" class=\"vc_row wpb_row vc_row-fluid  animate_onoffset row-dynamic-el section-style\" style=\"background-color: #ffffff; padding-bottom: 0px ; \" ><div  style=\"position: absolute;top: 0;\"><\/div><div class=\"container  dark\"><div class=\"section_clear\">\n\t<div class=\"vc_col-sm-12 wpb_column column_container\" style=\"\" data-animation=\"none\" data-delay=\"\">\n\t\t\t<div class=\"wpb_wrapper\">\n\t\t\t\t<div class=\"vc_custom_heading wpb_content_element\" ><h2 style=\"font-size: 36px;color: #1c1c1c;text-align: center\" ><a href=\"https:\/\/www.neo-messtechnik.com\/de\/applications-overview\/\" title=\"Applications \u2013 NEO Overview\">Anwendungen<\/a><\/h2><\/div><div class=\"vc_custom_heading wpb_content_element\" ><h2 style=\"font-size: 16px;color: #1c1c1c;line-height: 24px;text-align: center;letter-spacing:6px\" >Quer durch die Energielandschaft<\/h2><\/div><div class=\"codeless_separator\" style=\" height:1px;  margin-top:0px;  margin-bottom:35px; \"><span class=\"separator\" style=\" width:60px;  background:#ffdd00;  left:50%;height:100%; margin-left: -30px;position: absolute;\"><\/span><\/div><div class=\"wpb_content_element media_align_left media media_el animate_onoffset\"><div class=\"media_wrapper\" ><img decoding=\"async\" src=\"https:\/\/www.neo-messtechnik.com\/wp-content\/uploads\/2020\/03\/power-landscape.jpg\" alt=\"Alt Text\" class=\"type_image animated fadeInLeft alignment_left\" \/><\/div><\/div>\n\t\t\t<\/div> \n\t<\/div> \n<\/div><\/div><\/div><div id=\"fws_69ef5111449e4\" class=\"vc_row wpb_row vc_row-fluid  animate_onoffset row-dynamic-el standard_section\" style=\"\" ><div  style=\"position: absolute;top: 0;\"><\/div><div class=\"container  dark\"><div class=\"section_clear\">\n\t<div class=\"vc_col-sm-3 wpb_column column_container\" style=\"\" data-animation=\"none\" data-delay=\"\">\n\t\t\t<div class=\"wpb_wrapper\">\n\t\t\t\t<div class=\"services_medium style_2 wpb_content_element\"><img decoding=\"async\" src=\"https:\/\/www.neo-messtechnik.com\/wp-content\/uploads\/2020\/04\/unbalance-1.png\" alt=\"Services Image\" \/><h4><a href=\"https:\/\/www.neo-messtechnik.com\/de\/applications-power-quality\/\">Power Quality<\/a><\/h4><p>Harmonische, Supraharmonische, Symmetrische Komponenten etc.<\/p><\/div>\n\t\t\t<\/div> \n\t<\/div> \n\n\t<div class=\"vc_col-sm-3 wpb_column column_container\" style=\"\" data-animation=\"none\" data-delay=\"\">\n\t\t\t<div class=\"wpb_wrapper\">\n\t\t\t\t<div class=\"services_medium style_2 wpb_content_element\"><img decoding=\"async\" src=\"https:\/\/www.neo-messtechnik.com\/wp-content\/uploads\/2020\/04\/overvoltage-1.png\" alt=\"Services Image\" \/><h4><a href=\"https:\/\/www.neo-messtechnik.com\/de\/applications-power-quality\/\">Netzanalyse<\/a><\/h4><p>Netzimpedanz, Transiente, St\u00f6rungen, Resonanzen, PMU<\/p>\n<p><\/p><\/div>\n\t\t\t<\/div> \n\t<\/div> \n\n\t<div class=\"vc_col-sm-3 wpb_column column_container\" style=\"\" data-animation=\"none\" data-delay=\"\">\n\t\t\t<div class=\"wpb_wrapper\">\n\t\t\t\t<div class=\"services_medium style_2 wpb_content_element\"><img decoding=\"async\" src=\"https:\/\/www.neo-messtechnik.com\/wp-content\/uploads\/2020\/04\/power-1.png\" alt=\"Services Image\" \/><h4><a href=\"https:\/\/www.neo-messtechnik.com\/de\/netzqualitaets-analyse-applikationen\/#Energy-Measurement\">Leistung<\/a><\/h4><p>Wirk-,Blind-,Scheinleistung, cos phi, Energie etc.<\/p><\/div>\n\t\t\t<\/div> \n\t<\/div> \n\n\t<div class=\"vc_col-sm-3 wpb_column column_container\" style=\"\" data-animation=\"none\" data-delay=\"\">\n\t\t\t<div class=\"wpb_wrapper\">\n\t\t\t\t<div class=\"services_medium style_2 wpb_content_element\"><img decoding=\"async\" src=\"https:\/\/www.neo-messtechnik.com\/wp-content\/uploads\/2020\/04\/frequency_rocof-1.png\" alt=\"Services Image\" \/><h4><a href=\"https:\/\/www.neo-messtechnik.com\/de\/applications-photovoltaic\/\">Pr\u00fcfung von PV-Anlagen<\/a><\/h4><p>IV curve analysis, Mismatch losses, etc ..<\/p><\/div>\n\t\t\t<\/div> \n\t<\/div> \n<\/div><\/div><\/div><div id=\"fws_69ef51114c5f1\" class=\"vc_row wpb_row vc_row-fluid  animate_onoffset row-dynamic-el standard_section\" style=\"\" ><div  style=\"position: absolute;top: 0;\"><\/div><div class=\"container  dark\"><div class=\"section_clear\">\n\t<div class=\"vc_col-sm-12 wpb_column column_container\" style=\"\" data-animation=\"none\" data-delay=\"\">\n\t\t\t<div class=\"wpb_wrapper\">\n\t\t\t\t<div class=\"wpb_content_element block_title section_title inner-square\"><h2 class=\"h1\">Neueste Nachrichten<\/h2><span class=\"divider\"><span class=\"line\"><\/span><span class=\"circle\"><\/span><span class=\"line\"><\/span><\/span><\/div><div class=\"latest_blog wpb_content_element\"><div class=\"row no_carousel\"><div class=\"blog-item simple\"><img decoding=\"async\" src=\"https:\/\/www.neo-messtechnik.com\/wp-content\/uploads\/2026\/03\/Webinar-Supraharmonics-Neo-Messtechnik-April-2026-460x275.jpg\" alt=\"Featured Image\"><div class=\"content\"><h4><a href=\"https:\/\/www.neo-messtechnik.com\/de\/live-webinar-supraharmonics-origins-measurement-mitigation\">Live Webinar: Supraharmonics Origins, Measurement &amp; Mitigation<\/a><\/h4><ul class=\"info\"><li><i class=\"linecon-icon-user\"><\/i>Posted by Neo Messtechnik<\/li><li><i class=\"linecon-icon-calendar\"><\/i>On 26. M\u00e4rz 2026<\/li><\/ul><p>On Friday, April 24th at 10:00 AM CET we will walk you through all things Supraharmonics in a focused 25-minute webinar. Join...<\/p><div class=\"after\"><ul class=\"info\"><li><i class=\"linecon-icon-tag\"><\/i><\/li><\/ul><\/div><\/div><\/div><div class=\"blog-item simple\"><img decoding=\"async\" src=\"https:\/\/www.neo-messtechnik.com\/wp-content\/uploads\/2025\/07\/pv-master-460x275.jpg\" alt=\"Featured Image\"><div class=\"content\"><h4><a href=\"https:\/\/www.neo-messtechnik.com\/de\/real-world-pv-testing-premium-photovoltaic-measurement-device-2\">PRAXISEINSATZ - Premium PV Messger\u00e4t - PV Master 10<\/a><\/h4><ul class=\"info\"><li><i class=\"linecon-icon-user\"><\/i>Posted by Harald<\/li><li><i class=\"linecon-icon-calendar\"><\/i>On 26. Februar 2026<\/li><\/ul><p>In diesem Video zeigt unser erfahrener Kollege Andre den praktischen Einsatz eines professionellen Photovoltaik-Messger\u00e4ts an einer realen PV-Anlage.<\/p><div class=\"after\"><ul class=\"info\"><li><i class=\"linecon-icon-tag\"><\/i>Praxiseinsatz, Photovoltaikpr\u00fcfung, PV-Messtechnik, Erneuerbare Energien, Netzintegration Solar<\/li><\/ul><\/div><\/div><\/div><div class=\"blog-item simple\"><img decoding=\"async\" src=\"https:\/\/www.neo-messtechnik.com\/wp-content\/uploads\/2026\/01\/Bild2-460x275.png\" alt=\"Featured Image\"><div class=\"content\"><h4><a href=\"https:\/\/www.neo-messtechnik.com\/de\/selecting-the-right-rogowski-coil-accuracy-considerations-for-current-measurements\">Die richtige Rogowski-Spule ausw\u00e4hlen: Genauigkeits\u00fcberlegungen f\u00fcr Strommessungen<\/a><\/h4><ul class=\"info\"><li><i class=\"linecon-icon-user\"><\/i>Posted by Neo Messtechnik<\/li><li><i class=\"linecon-icon-calendar\"><\/i>On 19. Februar 2026<\/li><\/ul><p>Kann man mit einer gro\u00dfen Rogowski-Spule kleine Str\u00f6me messen? Das Verh\u00e4ltnis zwischen Leiter- und Spulendurchmesser hat erheblichen Einfluss auf die Genauigkeit. Erfahren Sie, wie Sie die richtige Rogowski-Spule f\u00fcr optimale Messpr\u00e4zision ausw\u00e4hlen.<\/p><div class=\"after\"><ul class=\"info\"><li><i class=\"linecon-icon-tag\"><\/i><\/li><\/ul><\/div><\/div><\/div><\/div><\/div><div class=\"wpb_content_element button\"><a  class=\"btn-bt align-center default\" href=\"https:\/\/www.neo-messtechnik.com\/de\/neo-power-quality-blog\/\"><span>Lesen Sie mehr dazu in unserem NEO BLOG!<\/span><i class=\"steadysets-icon-type\"><\/i><\/a><\/div>\n\t\t\t<\/div> \n\t<\/div> \n<\/div><\/div><\/div>\n<\/div>","protected":false},"excerpt":{"rendered":"When selecting Rogowski coils for current measurements, one question comes up frequently: \"Does the coil diameter determine which currents I can measure?\" The short answer is no - but there's an important nuance. While modern Rogowski coil systems can measure a wide range of currents regardless of coil size, the relationship between coil diameter and [...]","protected":false},"author":1,"featured_media":0,"parent":0,"menu_order":0,"comment_status":"open","ping_status":"open","template":"","meta":{"footnotes":""},"class_list":["post-17","page","type-page","status-publish","hentry"],"yoast_head":"<!-- This site is optimized with the Yoast SEO plugin v27.4 - https:\/\/yoast.com\/product\/yoast-seo-wordpress\/ -->\n<title>Home of Power Quality - NEO Messtechnik<\/title>\n<meta name=\"description\" content=\"Power Quality Analysis and Photovoltaic testing with perfection. NEO Messtechnik is your competent partner.\" \/>\n<meta name=\"robots\" content=\"index, follow, max-snippet:-1, max-image-preview:large, max-video-preview:-1\" \/>\n<link rel=\"canonical\" href=\"https:\/\/www.neo-messtechnik.com\/de\/\" \/>\n<meta property=\"og:locale\" content=\"de_DE\" \/>\n<meta property=\"og:type\" content=\"article\" \/>\n<meta property=\"og:title\" content=\"Home of Power Quality - NEO Messtechnik\" \/>\n<meta property=\"og:description\" content=\"Power Quality Analysis and Photovoltaic testing with perfection. NEO Messtechnik is your competent partner.\" \/>\n<meta property=\"og:url\" content=\"https:\/\/www.neo-messtechnik.com\/de\/\" \/>\n<meta property=\"og:site_name\" content=\"NEO Messtechnik\" \/>\n<meta property=\"article:modified_time\" content=\"2026-04-07T16:20:41+00:00\" \/>\n<meta name=\"twitter:card\" content=\"summary_large_image\" \/>\n<meta name=\"twitter:label1\" content=\"Gesch\u00e4tzte Lesezeit\" \/>\n\t<meta name=\"twitter:data1\" content=\"2\u00a0Minuten\" \/>\n<script type=\"application\/ld+json\" class=\"yoast-schema-graph\">{\"@context\":\"https:\\\/\\\/schema.org\",\"@graph\":[{\"@type\":\"WebPage\",\"@id\":\"https:\\\/\\\/www.neo-messtechnik.com\\\/\",\"url\":\"https:\\\/\\\/www.neo-messtechnik.com\\\/\",\"name\":\"Home of Power Quality - NEO Messtechnik\",\"isPartOf\":{\"@id\":\"https:\\\/\\\/www.neo-messtechnik.com\\\/en\\\/#website\"},\"datePublished\":\"2014-12-08T13:43:47+00:00\",\"dateModified\":\"2026-04-07T16:20:41+00:00\",\"description\":\"Power Quality Analysis and Photovoltaic testing with perfection. NEO Messtechnik is your competent partner.\",\"breadcrumb\":{\"@id\":\"https:\\\/\\\/www.neo-messtechnik.com\\\/#breadcrumb\"},\"inLanguage\":\"de\",\"potentialAction\":[{\"@type\":\"ReadAction\",\"target\":[\"https:\\\/\\\/www.neo-messtechnik.com\\\/\"]}]},{\"@type\":\"BreadcrumbList\",\"@id\":\"https:\\\/\\\/www.neo-messtechnik.com\\\/#breadcrumb\",\"itemListElement\":[{\"@type\":\"ListItem\",\"position\":1,\"name\":\"Home\",\"item\":\"https:\\\/\\\/www.neo-messtechnik.com\\\/\"},{\"@type\":\"ListItem\",\"position\":2,\"name\":\"Home of Power Quality\"}]},{\"@type\":\"WebSite\",\"@id\":\"https:\\\/\\\/www.neo-messtechnik.com\\\/en\\\/#website\",\"url\":\"https:\\\/\\\/www.neo-messtechnik.com\\\/en\\\/\",\"name\":\"NEO Messtechnik\",\"description\":\"Power Quality with perfection\",\"publisher\":{\"@id\":\"https:\\\/\\\/www.neo-messtechnik.com\\\/en\\\/#organization\"},\"potentialAction\":[{\"@type\":\"SearchAction\",\"target\":{\"@type\":\"EntryPoint\",\"urlTemplate\":\"https:\\\/\\\/www.neo-messtechnik.com\\\/en\\\/?s={search_term_string}\"},\"query-input\":{\"@type\":\"PropertyValueSpecification\",\"valueRequired\":true,\"valueName\":\"search_term_string\"}}],\"inLanguage\":\"de\"},{\"@type\":\"Organization\",\"@id\":\"https:\\\/\\\/www.neo-messtechnik.com\\\/en\\\/#organization\",\"name\":\"NEO Messtechnik GmbH\",\"url\":\"https:\\\/\\\/www.neo-messtechnik.com\\\/en\\\/\",\"logo\":{\"@type\":\"ImageObject\",\"inLanguage\":\"de\",\"@id\":\"https:\\\/\\\/www.neo-messtechnik.com\\\/en\\\/#\\\/schema\\\/logo\\\/image\\\/\",\"url\":\"https:\\\/\\\/www.neo-messtechnik.com\\\/wp-content\\\/uploads\\\/2020\\\/02\\\/Logo-german-english-3.png\",\"contentUrl\":\"https:\\\/\\\/www.neo-messtechnik.com\\\/wp-content\\\/uploads\\\/2020\\\/02\\\/Logo-german-english-3.png\",\"width\":466,\"height\":264,\"caption\":\"NEO Messtechnik GmbH\"},\"image\":{\"@id\":\"https:\\\/\\\/www.neo-messtechnik.com\\\/en\\\/#\\\/schema\\\/logo\\\/image\\\/\"},\"sameAs\":[\"http:\\\/\\\/linkedin.com\\\/company\\\/neo-messtechnik\"]}]}<\/script>\n<!-- \/ Yoast SEO plugin. -->","yoast_head_json":{"title":"Home of Power Quality - NEO Messtechnik","description":"Power Quality Analysis and Photovoltaic testing with perfection. NEO Messtechnik is your competent partner.","robots":{"index":"index","follow":"follow","max-snippet":"max-snippet:-1","max-image-preview":"max-image-preview:large","max-video-preview":"max-video-preview:-1"},"canonical":"https:\/\/www.neo-messtechnik.com\/de\/","og_locale":"de_DE","og_type":"article","og_title":"Home of Power Quality - NEO Messtechnik","og_description":"Power Quality Analysis and Photovoltaic testing with perfection. NEO Messtechnik is your competent partner.","og_url":"https:\/\/www.neo-messtechnik.com\/de\/","og_site_name":"NEO Messtechnik","article_modified_time":"2026-04-07T16:20:41+00:00","twitter_card":"summary_large_image","twitter_misc":{"Gesch\u00e4tzte Lesezeit":"2\u00a0Minuten"},"schema":{"@context":"https:\/\/schema.org","@graph":[{"@type":"WebPage","@id":"https:\/\/www.neo-messtechnik.com\/","url":"https:\/\/www.neo-messtechnik.com\/","name":"Home of Power Quality - NEO Messtechnik","isPartOf":{"@id":"https:\/\/www.neo-messtechnik.com\/en\/#website"},"datePublished":"2014-12-08T13:43:47+00:00","dateModified":"2026-04-07T16:20:41+00:00","description":"Power Quality Analysis and Photovoltaic testing with perfection. NEO Messtechnik is your competent partner.","breadcrumb":{"@id":"https:\/\/www.neo-messtechnik.com\/#breadcrumb"},"inLanguage":"de","potentialAction":[{"@type":"ReadAction","target":["https:\/\/www.neo-messtechnik.com\/"]}]},{"@type":"BreadcrumbList","@id":"https:\/\/www.neo-messtechnik.com\/#breadcrumb","itemListElement":[{"@type":"ListItem","position":1,"name":"Home","item":"https:\/\/www.neo-messtechnik.com\/"},{"@type":"ListItem","position":2,"name":"Home of Power Quality"}]},{"@type":"WebSite","@id":"https:\/\/www.neo-messtechnik.com\/en\/#website","url":"https:\/\/www.neo-messtechnik.com\/en\/","name":"NEO Messtechnik","description":"Power Quality with perfection","publisher":{"@id":"https:\/\/www.neo-messtechnik.com\/en\/#organization"},"potentialAction":[{"@type":"SearchAction","target":{"@type":"EntryPoint","urlTemplate":"https:\/\/www.neo-messtechnik.com\/en\/?s={search_term_string}"},"query-input":{"@type":"PropertyValueSpecification","valueRequired":true,"valueName":"search_term_string"}}],"inLanguage":"de"},{"@type":"Organization","@id":"https:\/\/www.neo-messtechnik.com\/en\/#organization","name":"NEO Messtechnik GmbH","url":"https:\/\/www.neo-messtechnik.com\/en\/","logo":{"@type":"ImageObject","inLanguage":"de","@id":"https:\/\/www.neo-messtechnik.com\/en\/#\/schema\/logo\/image\/","url":"https:\/\/www.neo-messtechnik.com\/wp-content\/uploads\/2020\/02\/Logo-german-english-3.png","contentUrl":"https:\/\/www.neo-messtechnik.com\/wp-content\/uploads\/2020\/02\/Logo-german-english-3.png","width":466,"height":264,"caption":"NEO Messtechnik GmbH"},"image":{"@id":"https:\/\/www.neo-messtechnik.com\/en\/#\/schema\/logo\/image\/"},"sameAs":["http:\/\/linkedin.com\/company\/neo-messtechnik"]}]}},"_links":{"self":[{"href":"https:\/\/www.neo-messtechnik.com\/de\/wp-json\/wp\/v2\/pages\/17","targetHints":{"allow":["GET"]}}],"collection":[{"href":"https:\/\/www.neo-messtechnik.com\/de\/wp-json\/wp\/v2\/pages"}],"about":[{"href":"https:\/\/www.neo-messtechnik.com\/de\/wp-json\/wp\/v2\/types\/page"}],"author":[{"embeddable":true,"href":"https:\/\/www.neo-messtechnik.com\/de\/wp-json\/wp\/v2\/users\/1"}],"replies":[{"embeddable":true,"href":"https:\/\/www.neo-messtechnik.com\/de\/wp-json\/wp\/v2\/comments?post=17"}],"version-history":[{"count":108,"href":"https:\/\/www.neo-messtechnik.com\/de\/wp-json\/wp\/v2\/pages\/17\/revisions"}],"predecessor-version":[{"id":10563,"href":"https:\/\/www.neo-messtechnik.com\/de\/wp-json\/wp\/v2\/pages\/17\/revisions\/10563"}],"wp:attachment":[{"href":"https:\/\/www.neo-messtechnik.com\/de\/wp-json\/wp\/v2\/media?parent=17"}],"curies":[{"name":"wp","href":"https:\/\/api.w.org\/{rel}","templated":true}]}}