{"id":10598,"date":"2026-04-16T11:20:09","date_gmt":"2026-04-16T09:20:09","guid":{"rendered":"https:\/\/www.neo-messtechnik.com\/?page_id=10598"},"modified":"2026-04-16T14:58:20","modified_gmt":"2026-04-16T12:58:20","slug":"pqa8000h-evse","status":"publish","type":"page","link":"https:\/\/www.neo-messtechnik.com\/de\/pqa8000h-evse","title":{"rendered":"PQA8000H EVSE \u2013 Electric Vehicle Supply Equipment"},"content":{"rendered":"<div class=\"wpb-content-wrapper\"><div id=\"fws_69e1718b8c48a\" class=\"vc_row wpb_row vc_row-fluid  animate_onoffset row-dynamic-el standard_section\" style=\"\" ><div  style=\"position: absolute;top: 0;\"><\/div><div class=\"container  dark\"><div class=\"section_clear\">\n\t<div class=\"vc_col-sm-12 wpb_column column_container\" style=\"\" data-animation=\"none\" data-delay=\"\">\n\t\t\t<div class=\"wpb_wrapper\">\n\t\t\t\t\n\t\t\t<\/div> \n\t<\/div> \n<\/div><\/div><\/div><div id=\"fws_69e1718b8ca64\" class=\"vc_row wpb_row vc_row-fluid  animate_onoffset row-dynamic-el standard_section  overview   wpb_animate_when_almost_visible wpb_fadeInUp fadeInUp\" style=\"\" ><div id=\"overview\" style=\"position: absolute;top: 0;\"><\/div><div class=\"container  dark\"><div class=\"section_clear\">\n\t<div class=\"vc_col-sm-6 wpb_column column_container\" style=\"\" data-animation=\"none\" data-delay=\"\">\n\t\t\t<div class=\"wpb_wrapper\">\n\t\t\t\t<div class=\"vc_custom_heading vc_custom_1776330906428 wpb_content_element\" ><h1 style=\"font-size: 38px;line-height: 44px;text-align: left\" >Electric Vehicle Supply Equipment<\/h1><\/div><div class=\"vc_custom_heading vc_custom_1776331145080 wpb_content_element\" ><h2 style=\"font-size: 24px;line-height: 44px;text-align: left\" >Ready to Deploy at Any Charging Station<\/h2><\/div><div class=\"codeless_separator\" style=\" height:4px;  margin-top:0px;  margin-bottom:20px; \"><span class=\"separator\" style=\" width:40px;  background:#fde328;  left:0; height:100%; position:absolute;\"><\/span><\/div>\n\t<div class=\"wpb_text_column wpb_content_element\">\n\t\t<div class=\"wpb_wrapper\" >\n\t\t\t<p class=\"font-claude-response-body break-words whitespace-normal leading-&#091;1.7&#093;\">The PQA8000H EVSE is a Pelicase-based upgrade kit that transforms the <a class=\"underline underline underline-offset-2 decoration-1 decoration-current\/40 hover:decoration-current focus:decoration-current\" href=\"https:\/\/www.neo-messtechnik.com\/de\/pqa8000\/\">PQA8000H<\/a> into a self-contained, field-ready measurement system for EV charging station analysis. Everything needed for on-site operation (power supply, current sensors, and auxiliary interfaces) integrates directly into the case, so the instrument arrives at the measurement point ready to connect and measure.<\/p>\n\n\t\t<\/div> \n\t<\/div> \n\t\t\t<\/div> \n\t<\/div> \n\n\t<div class=\"vc_col-sm-6 wpb_column column_container centered_vertical\" style=\"\" data-animation=\"none\" data-delay=\"\">\n\t\t\t<div class=\"wpb_wrapper\">\n\t\t\t\t<div class=\"wpb_content_element media_align_left media media_el animate_onoffset\"><div class=\"media_wrapper\" ><img decoding=\"async\" src=\"https:\/\/www.neo-messtechnik.com\/wp-content\/uploads\/2026\/04\/NEO-Messtechnik-EVSE-Verkabelung-Schema-scaled.png\" alt=\"Alt Text\" class=\"type_image animated fadeInLeft alignment_left\" \/><\/div><\/div>\n\t\t\t<\/div> \n\t<\/div> \n\n\t<div class=\"vc_col-sm-12 wpb_column column_container\" style=\"\" data-animation=\"none\" data-delay=\"\">\n\t\t\t<div class=\"wpb_wrapper\">\n\t\t\t\t\n\t<div class=\"wpb_text_column wpb_content_element\">\n\t\t<div class=\"wpb_wrapper\" >\n\t\t\t<p class=\"font-claude-response-body break-words whitespace-normal leading-&#091;1.7&#093;\">The result is a purpose-configured system built on the full measurement capability of the PQA8000H: Class A++ power quality, supraharmonics up to 500 kHz, CP signal analysis, and simultaneous AC\/DC measurement \u2014 all within a single portable case.<\/p>\n\n\t\t<\/div> \n\t<\/div> \n\t\t\t<\/div> \n\t<\/div> \n<\/div><\/div><\/div><div id=\"fws_69e1718b8f009\" class=\"vc_row wpb_row vc_row-fluid  animate_onoffset row-dynamic-el standard_section  overview   wpb_animate_when_almost_visible wpb_fadeInUp fadeInUp\" style=\"\" ><div id=\"overview\" style=\"position: absolute;top: 0;\"><\/div><div class=\"container  dark\"><div class=\"section_clear\">\n\t<div class=\"vc_col-sm-4 wpb_column column_container\" style=\"\" data-animation=\"none\" data-delay=\"\">\n\t\t\t<div class=\"wpb_wrapper\">\n\t\t\t\t<div class=\"wpb_content_element media_align_left media media_el animate_onoffset\"><div class=\"media_wrapper\" ><a href=\"https:\/\/www.neo-messtechnik.com\/Downloads\/HelmutWeiss_PMU_ERU_2026.pdf\" target=\"_blank\"><img decoding=\"async\" src=\"https:\/\/www.neo-messtechnik.com\/wp-content\/uploads\/2026\/04\/PQA8000H-EVSE-Neo-Messtechnik.png\" alt=\"Media\" class=\"type_image animated fadeInLeft alignment_left\" \/><\/a><\/div><\/div>\n\t\t\t<\/div> \n\t<\/div> \n\n\t<div class=\"vc_col-sm-8 wpb_column column_container\" style=\"\" data-animation=\"none\" data-delay=\"\">\n\t\t\t<div class=\"wpb_wrapper\">\n\t\t\t\t<div class=\"vc_custom_heading vc_custom_1776329110235 wpb_content_element\" ><h2 style=\"font-size: 24px;line-height: 44px;text-align: left\" >Optional Integrations<\/h2><\/div><div class=\"codeless_separator\" style=\" height:4px;  margin-top:0px;  margin-bottom:20px; \"><span class=\"separator\" style=\" width:40px;  background:#fde328;  left:0; height:100%; position:absolute;\"><\/span><\/div>\n\t<div class=\"wpb_text_column wpb_content_element\">\n\t\t<div class=\"wpb_wrapper\" >\n\t\t\t<p class=\"font-claude-response-body break-words whitespace-normal leading-&#091;1.7&#093;\">The kit can be configured with the following optional integrations:<\/p>\n<ul class=\"&#091;li_&amp;&#093;:mb-0 &#091;li_&amp;&#093;:mt-1 &#091;li_&amp;&#093;:gap-1 &#091;&amp;:not(:last-child)_ul&#093;:pb-1 &#091;&amp;:not(:last-child)_ol&#093;:pb-1 list-disc flex flex-col gap-1 pl-8 mb-3\">\n<li class=\"whitespace-normal break-words pl-2\">Current sensors \u2014 Rogowski or Zeroflux transducers, integrated inside the Pelicase<\/li>\n<li class=\"whitespace-normal break-words pl-2\">Power supply CAT IV 230V \/ 400V for direct on-site operation<\/li>\n<li class=\"whitespace-normal break-words pl-2\">Residual current monitor for leakage current measurement<\/li>\n<li class=\"whitespace-normal break-words pl-2\">CP signal measurement<\/li>\n<li class=\"whitespace-normal break-words pl-2\">Auxiliary sensors and interfaces (CAN, etc.)<\/li>\n<li class=\"whitespace-normal break-words pl-2\">12V vehicle board system power supply with polarity protection and fuse<\/li>\n<li class=\"whitespace-normal break-words pl-2\"><a class=\"underline underline underline-offset-2 decoration-1 decoration-current\/40 hover:decoration-current focus:decoration-current\" href=\"https:\/\/www.neo-messtechnik.com\/de\/gia\/\">Grid Impedance Analyser<\/a><\/li>\n<li class=\"whitespace-normal break-words pl-2\">Virtual vehicle switch for EV charging station tests<\/li>\n<\/ul>\n<p>&nbsp;<\/p>\n\n\t\t<\/div> \n\t<\/div> \n\t\t\t<\/div> \n\t<\/div> \n<\/div><\/div><\/div><div id=\"fws_69e1718b90ab6\" class=\"vc_row wpb_row vc_row-fluid  animate_onoffset row-dynamic-el standard_section  overview   wpb_animate_when_almost_visible wpb_fadeInUp fadeInUp\" style=\"\" ><div id=\"overview\" style=\"position: absolute;top: 0;\"><\/div><div class=\"container  dark\"><div class=\"section_clear\">\n\t<div class=\"vc_col-sm-6 wpb_column column_container\" style=\"\" data-animation=\"none\" data-delay=\"\">\n\t\t\t<div class=\"wpb_wrapper\">\n\t\t\t\t<div class=\"vc_custom_heading vc_custom_1776329832250 wpb_content_element\" ><h2 style=\"text-align: left\" >More on the PQA 8000H<\/h2><\/div><div class=\"codeless_separator\" style=\" height:4px;  margin-top:0px;  margin-bottom:20px; \"><span class=\"separator\" style=\" width:40px;  background:#fde328;  left:0; height:100%; position:absolute;\"><\/span><\/div><div class=\"vc_row wpb_row vc_inner vc_row-fluid\"><div class=\"wpb_column vc_column_container vc_col-sm-6\"><div class=\"vc_column-inner\"><div class=\"wpb_wrapper\"><div class=\"wpb_content_element media_align_left media media_el animate_onoffset\"><div class=\"media_wrapper\" ><img decoding=\"async\" src=\"https:\/\/www.neo-messtechnik.com\/wp-content\/uploads\/2025\/01\/PQA8000H_schrag.png\" alt=\"Alt Text\" class=\"type_image animated fadeInLeft alignment_left\" \/><\/div><\/div><\/div><\/div><\/div><div class=\"wpb_column vc_column_container vc_col-sm-6\"><div class=\"vc_column-inner\"><div class=\"wpb_wrapper\">\n\t<div class=\"wpb_text_column wpb_content_element\">\n\t\t<div class=\"wpb_wrapper\" >\n\t\t\t<p class=\"font-claude-response-body break-words whitespace-normal leading-&#091;1.7&#093;\">The full measurement specifications, hardware options, and software capabilities are documented on the <a class=\"underline underline underline-offset-2 decoration-1 decoration-current\/40 hover:decoration-current focus:decoration-current\" href=\"https:\/\/www.neo-messtechnik.com\/de\/pqa8000\/\">PQA8000H product page<\/a>.<\/p>\n\n\t\t<\/div> \n\t<\/div> <div class=\"vc_btn3-container vc_btn3-left vc_do_btn\" ><a class=\"vc_general vc_btn3 vc_btn3-size-md vc_btn3-shape-rounded vc_btn3-style-modern vc_btn3-color-grey\" href=\"https:\/\/www.neo-messtechnik.com\/de\/pqa8000\/\" title=\"PQA 8000\">Mehr Informationen<\/a><\/div><\/div><\/div><\/div><\/div>\n\t\t\t<\/div> \n\t<\/div> \n\n\t<div class=\"vc_col-sm-6 wpb_column column_container\" style=\"\" data-animation=\"none\" data-delay=\"\">\n\t\t\t<div class=\"wpb_wrapper\">\n\t\t\t\t<div class=\"vc_custom_heading vc_custom_1776329980929 wpb_content_element\" ><h2 style=\"text-align: left\" >Netzimpedanz Analysator<\/h2><\/div><div class=\"codeless_separator\" style=\" height:4px;  margin-top:0px;  margin-bottom:20px; \"><span class=\"separator\" style=\" width:40px;  background:#fde328;  left:0; height:100%; position:absolute;\"><\/span><\/div><div class=\"vc_row wpb_row vc_inner vc_row-fluid\"><div class=\"wpb_column vc_column_container vc_col-sm-6\"><div class=\"vc_column-inner\"><div class=\"wpb_wrapper\"><div class=\"wpb_content_element media_align_left media media_el animate_onoffset\"><div class=\"media_wrapper\" ><img decoding=\"async\" src=\"https:\/\/www.neo-messtechnik.com\/wp-content\/uploads\/2025\/07\/GIA3_1-removebg-preview.png\" alt=\"Alt Text\" class=\"type_image animated fadeInLeft alignment_left\" \/><\/div><\/div><\/div><\/div><\/div><div class=\"wpb_column vc_column_container vc_col-sm-6\"><div class=\"vc_column-inner\"><div class=\"wpb_wrapper\">\n\t<div class=\"wpb_text_column wpb_content_element\">\n\t\t<div class=\"wpb_wrapper\" >\n\t\t\t<p>The GIA extends the EVSE setup with grid impedance measurement up to 450 kHz for resonance detection, supraharmonic propagation analysis, and PLC assessment.<\/p>\n\n\t\t<\/div> \n\t<\/div> <div class=\"vc_btn3-container vc_btn3-left vc_do_btn\" ><a class=\"vc_general vc_btn3 vc_btn3-size-md vc_btn3-shape-rounded vc_btn3-style-modern vc_btn3-color-grey\" href=\"https:\/\/www.neo-messtechnik.com\/de\/gia\/\" title=\"PQA 8000H Rack Mount Power Quality Analyzer\">Mehr Informationen<\/a><\/div><\/div><\/div><\/div><\/div>\n\t\t\t<\/div> \n\t<\/div> \n<\/div><\/div><\/div><div id=\"fws_69e1718b94d20\" class=\"vc_row wpb_row vc_row-fluid  animate_onoffset row-dynamic-el standard_section  overview   wpb_animate_when_almost_visible wpb_fadeInUp fadeInUp\" style=\"\" ><div id=\"overview\" style=\"position: absolute;top: 0;\"><\/div><div class=\"container  dark\"><div class=\"section_clear\">\n\t<div class=\"vc_col-sm-12 wpb_column column_container\" style=\"\" data-animation=\"none\" data-delay=\"\">\n\t\t\t<div class=\"wpb_wrapper\">\n\t\t\t\t<div class=\"vc_custom_heading vc_custom_1776329291980 wpb_content_element\" ><h2 style=\"text-align: left\" >Elektrofahrzeug-Ladestation: Effizienz- und St\u00f6rungsanalyse<\/h2><\/div><div class=\"codeless_separator\" style=\" height:4px;  margin-top:0px;  margin-bottom:20px; \"><span class=\"separator\" style=\" width:40px;  background:#fde328;  left:0; height:100%; position:absolute;\"><\/span><\/div>\n\t\t\t<\/div> \n\t<\/div> \n\n\t<div class=\"vc_col-sm-4 wpb_column column_container\" style=\"\" data-animation=\"none\" data-delay=\"\">\n\t\t\t<div class=\"wpb_wrapper\">\n\t\t\t\t\n\t<div class=\"wpb_text_column wpb_content_element\">\n\t\t<div class=\"wpb_wrapper\" >\n\t\t\t<p class=\"whitespace-normal break-words\">EV-Ladestation-Fehlerbehebung erfordert Analyse \u00fcber mehrere Bereiche: AC-Power-Quality, DC-Ladeparameter, Steuersignalintegrit\u00e4t und elektromagnetische Vertr\u00e4glichkeit. Probleme k\u00f6nnen von Netzbedingungen, Ladeger\u00e4t-Elektronik, Fahrzeugsystemen oder elektromagnetischer St\u00f6rung von nahegelegener Ausr\u00fcstung stammen.<\/p>\n<p class=\"whitespace-normal break-words\">Konventionelle Power-Quality-Analysatoren k\u00f6nnen den vollen Umfang der Ladesystemanalyse nicht adressieren. Ingenieure ben\u00f6tigen Messf\u00e4higkeiten, die supraharmonische Emissionen, CP\/PP-Signalanalyse, Effizienzmessung und Kommunikationsprotokollverifizierung in einem einzigen Diagnoseansatz abdecken.<\/p>\n\n\t\t<\/div> \n\t<\/div> \n\t\t\t<\/div> \n\t<\/div> \n\n\t<div class=\"vc_col-sm-4 wpb_column column_container\" style=\"\" data-animation=\"none\" data-delay=\"\">\n\t\t\t<div class=\"wpb_wrapper\">\n\t\t\t\t\n\t<div class=\"wpb_text_column wpb_content_element\">\n\t\t<div class=\"wpb_wrapper\" >\n\t\t\t<p class=\"whitespace-normal break-words\">Diese Application Note pr\u00e4sentiert umfassende EV-Ladestation-Analysemethodik, die Power-Quality, Effizienz und Kommunikationssysteme abdeckt. Fallstudien umfassen Ladeunterbrechungen, die durch supraharmonische Emissionen bei 20-40 kHz Schaltfrequenzen verursacht wurden.<\/p>\n<p class=\"whitespace-normal break-words\">Erkunden Sie Messtechniken f\u00fcr CP-Signal-PWM-Analyse, CAN-Bus-Protokoll\u00fcberwachung und simultane AC\/DC-Leistungsmessung f\u00fcr Effizienzberechnung. Die Note demonstriert Mehrkanal-synchronisierte Messungen, die Interaktionen zwischen Ladeoperationen und Netzstabilit\u00e4t offenbaren.<\/p>\n\n\t\t<\/div> \n\t<\/div> \n\t\t\t<\/div> \n\t<\/div> \n\n\t<div class=\"vc_col-sm-4 wpb_column column_container\" style=\"\" data-animation=\"none\" data-delay=\"\">\n\t\t\t<div class=\"wpb_wrapper\">\n\t\t\t\t<div class=\"wpb_content_element media_align_left media media_el animate_onoffset\"><div class=\"media_wrapper\" ><img decoding=\"async\" src=\"https:\/\/www.neo-messtechnik.com\/wp-content\/uploads\/2024\/07\/AppNote_EV_Charging_EN-scaled.jpg\" alt=\"Alt Text\" class=\"type_image animated fadeInLeft alignment_left\" \/><\/div><\/div><div class=\"wpb_content_element button buttons_two al_left\"><a  class=\"btn-bt align- default\" href=\"https:\/\/www.neo-messtechnik.com\/de\/appnote_ev_charging_en\/\"><span>English<\/span><i class=\"\"><\/i><\/a><a class=\"btn-bt default\" href=\"https:\/\/www.neo-messtechnik.com\/wp-content\/uploads\/2024\/12\/AppNote_EV_Charging_EN-de.pdf\"><span>German<\/span><i class=\"\"><\/i><\/a><\/div>\n\t\t\t<\/div> \n\t<\/div> \n<\/div><\/div><\/div><div id=\"fws_69e1718b96ce2\" class=\"vc_row wpb_row vc_row-fluid  animate_onoffset row-dynamic-el standard_section\" style=\"\" ><div  style=\"position: absolute;top: 0;\"><\/div><div class=\"container  dark\"><div class=\"section_clear\">\n\t<div class=\"vc_col-sm-12 wpb_column column_container\" style=\"\" data-animation=\"none\" data-delay=\"\">\n\t\t\t<div class=\"wpb_wrapper\">\n\t\t\t\t<div class=\"vc_separator wpb_content_element vc_separator_align_center vc_sep_width_100 vc_sep_pos_align_center vc_sep_color_grey wpb_content_element vc_separator-has-text\" ><span class=\"vc_sep_holder vc_sep_holder_l\"><span class=\"vc_sep_line\"><\/span><\/span><h4>Interested in the PQA8000H EVSE?<\/h4><span class=\"vc_sep_holder vc_sep_holder_r\"><span class=\"vc_sep_line\"><\/span><\/span>\n<\/div><div class=\"vc_custom_heading wpb_animate_when_almost_visible wpb_bounceIn bounceIn vc_custom_1776330470940 wpb_content_element\" ><h2 style=\"text-align: center\" ><a href=\"mailto:sales@neo-messtechnik.com\" target=\"_blank\">Get in touch with us for more information or a demo!<\/a><\/h2><\/div>\n\t\t\t<\/div> \n\t<\/div> \n<\/div><\/div><\/div>\n<\/div>","protected":false},"excerpt":{"rendered":"Electric Vehicle Supply EquipmentReady to Deploy at Any Charging Station The PQA8000H EVSE is a Pelicase-based upgrade kit that transforms the PQA8000H into a self-contained, field-ready measurement system for EV charging station analysis. Everything needed for on-site operation (power supply, current sensors, and auxiliary interfaces) integrates directly into the case, so the instrument arrives at [...]","protected":false},"author":21,"featured_media":0,"parent":0,"menu_order":0,"comment_status":"closed","ping_status":"closed","template":"","meta":{"footnotes":""},"class_list":["post-10598","page","type-page","status-publish","hentry"],"yoast_head":"<!-- This site is optimized with the Yoast SEO plugin v27.4 - https:\/\/yoast.com\/product\/yoast-seo-wordpress\/ -->\n<title>PQA8000H EVSE \u2013 Electric Vehicle Supply Equipment - NEO Messtechnik<\/title>\n<meta name=\"description\" content=\"Field ready EV charging station analysis. Configurable with current sensors, CP measurement, and Grid Impedance Analyser.\" \/>\n<meta name=\"robots\" content=\"index, follow, max-snippet:-1, max-image-preview:large, max-video-preview:-1\" \/>\n<link rel=\"canonical\" href=\"https:\/\/www.neo-messtechnik.com\/de\/pqa8000h-evse\/\" \/>\n<meta property=\"og:locale\" content=\"de_DE\" \/>\n<meta property=\"og:type\" content=\"article\" \/>\n<meta property=\"og:title\" content=\"PQA8000H EVSE \u2013 Electric Vehicle Supply Equipment - NEO Messtechnik\" \/>\n<meta property=\"og:description\" content=\"Field ready EV charging station analysis. Configurable with current sensors, CP measurement, and Grid Impedance Analyser.\" \/>\n<meta property=\"og:url\" content=\"https:\/\/www.neo-messtechnik.com\/de\/pqa8000h-evse\/\" \/>\n<meta property=\"og:site_name\" content=\"NEO Messtechnik\" \/>\n<meta property=\"article:modified_time\" content=\"2026-04-16T12:58:20+00:00\" \/>\n<meta name=\"twitter:card\" content=\"summary_large_image\" \/>\n<meta name=\"twitter:label1\" content=\"Gesch\u00e4tzte Lesezeit\" \/>\n\t<meta name=\"twitter:data1\" content=\"3\u00a0Minuten\" \/>\n<script type=\"application\/ld+json\" class=\"yoast-schema-graph\">{\"@context\":\"https:\\\/\\\/schema.org\",\"@graph\":[{\"@type\":\"WebPage\",\"@id\":\"https:\\\/\\\/www.neo-messtechnik.com\\\/pqa8000h-evse\",\"url\":\"https:\\\/\\\/www.neo-messtechnik.com\\\/pqa8000h-evse\",\"name\":\"PQA8000H EVSE \u2013 Electric Vehicle Supply Equipment - NEO Messtechnik\",\"isPartOf\":{\"@id\":\"https:\\\/\\\/www.neo-messtechnik.com\\\/en\\\/#website\"},\"datePublished\":\"2026-04-16T09:20:09+00:00\",\"dateModified\":\"2026-04-16T12:58:20+00:00\",\"description\":\"Field ready EV charging station analysis. Configurable with current sensors, CP measurement, and Grid Impedance Analyser.\",\"breadcrumb\":{\"@id\":\"https:\\\/\\\/www.neo-messtechnik.com\\\/pqa8000h-evse#breadcrumb\"},\"inLanguage\":\"de\",\"potentialAction\":[{\"@type\":\"ReadAction\",\"target\":[\"https:\\\/\\\/www.neo-messtechnik.com\\\/pqa8000h-evse\"]}]},{\"@type\":\"BreadcrumbList\",\"@id\":\"https:\\\/\\\/www.neo-messtechnik.com\\\/pqa8000h-evse#breadcrumb\",\"itemListElement\":[{\"@type\":\"ListItem\",\"position\":1,\"name\":\"Home\",\"item\":\"https:\\\/\\\/www.neo-messtechnik.com\\\/\"},{\"@type\":\"ListItem\",\"position\":2,\"name\":\"PQA8000H EVSE \u2013 Electric Vehicle Supply Equipment\"}]},{\"@type\":\"WebSite\",\"@id\":\"https:\\\/\\\/www.neo-messtechnik.com\\\/en\\\/#website\",\"url\":\"https:\\\/\\\/www.neo-messtechnik.com\\\/en\\\/\",\"name\":\"NEO Messtechnik\",\"description\":\"Power Quality with perfection\",\"publisher\":{\"@id\":\"https:\\\/\\\/www.neo-messtechnik.com\\\/en\\\/#organization\"},\"potentialAction\":[{\"@type\":\"SearchAction\",\"target\":{\"@type\":\"EntryPoint\",\"urlTemplate\":\"https:\\\/\\\/www.neo-messtechnik.com\\\/en\\\/?s={search_term_string}\"},\"query-input\":{\"@type\":\"PropertyValueSpecification\",\"valueRequired\":true,\"valueName\":\"search_term_string\"}}],\"inLanguage\":\"de\"},{\"@type\":\"Organization\",\"@id\":\"https:\\\/\\\/www.neo-messtechnik.com\\\/en\\\/#organization\",\"name\":\"NEO Messtechnik GmbH\",\"url\":\"https:\\\/\\\/www.neo-messtechnik.com\\\/en\\\/\",\"logo\":{\"@type\":\"ImageObject\",\"inLanguage\":\"de\",\"@id\":\"https:\\\/\\\/www.neo-messtechnik.com\\\/en\\\/#\\\/schema\\\/logo\\\/image\\\/\",\"url\":\"https:\\\/\\\/www.neo-messtechnik.com\\\/wp-content\\\/uploads\\\/2020\\\/02\\\/Logo-german-english-3.png\",\"contentUrl\":\"https:\\\/\\\/www.neo-messtechnik.com\\\/wp-content\\\/uploads\\\/2020\\\/02\\\/Logo-german-english-3.png\",\"width\":466,\"height\":264,\"caption\":\"NEO Messtechnik GmbH\"},\"image\":{\"@id\":\"https:\\\/\\\/www.neo-messtechnik.com\\\/en\\\/#\\\/schema\\\/logo\\\/image\\\/\"},\"sameAs\":[\"http:\\\/\\\/linkedin.com\\\/company\\\/neo-messtechnik\"]}]}<\/script>\n<!-- \/ Yoast SEO plugin. -->","yoast_head_json":{"title":"PQA8000H EVSE \u2013 Electric Vehicle Supply Equipment - NEO Messtechnik","description":"Field ready EV charging station analysis. Configurable with current sensors, CP measurement, and Grid Impedance Analyser.","robots":{"index":"index","follow":"follow","max-snippet":"max-snippet:-1","max-image-preview":"max-image-preview:large","max-video-preview":"max-video-preview:-1"},"canonical":"https:\/\/www.neo-messtechnik.com\/de\/pqa8000h-evse\/","og_locale":"de_DE","og_type":"article","og_title":"PQA8000H EVSE \u2013 Electric Vehicle Supply Equipment - NEO Messtechnik","og_description":"Field ready EV charging station analysis. Configurable with current sensors, CP measurement, and Grid Impedance Analyser.","og_url":"https:\/\/www.neo-messtechnik.com\/de\/pqa8000h-evse\/","og_site_name":"NEO Messtechnik","article_modified_time":"2026-04-16T12:58:20+00:00","twitter_card":"summary_large_image","twitter_misc":{"Gesch\u00e4tzte Lesezeit":"3\u00a0Minuten"},"schema":{"@context":"https:\/\/schema.org","@graph":[{"@type":"WebPage","@id":"https:\/\/www.neo-messtechnik.com\/pqa8000h-evse","url":"https:\/\/www.neo-messtechnik.com\/pqa8000h-evse","name":"PQA8000H EVSE \u2013 Electric Vehicle Supply Equipment - NEO Messtechnik","isPartOf":{"@id":"https:\/\/www.neo-messtechnik.com\/en\/#website"},"datePublished":"2026-04-16T09:20:09+00:00","dateModified":"2026-04-16T12:58:20+00:00","description":"Field ready EV charging station analysis. Configurable with current sensors, CP measurement, and Grid Impedance Analyser.","breadcrumb":{"@id":"https:\/\/www.neo-messtechnik.com\/pqa8000h-evse#breadcrumb"},"inLanguage":"de","potentialAction":[{"@type":"ReadAction","target":["https:\/\/www.neo-messtechnik.com\/pqa8000h-evse"]}]},{"@type":"BreadcrumbList","@id":"https:\/\/www.neo-messtechnik.com\/pqa8000h-evse#breadcrumb","itemListElement":[{"@type":"ListItem","position":1,"name":"Home","item":"https:\/\/www.neo-messtechnik.com\/"},{"@type":"ListItem","position":2,"name":"PQA8000H EVSE \u2013 Electric Vehicle Supply Equipment"}]},{"@type":"WebSite","@id":"https:\/\/www.neo-messtechnik.com\/en\/#website","url":"https:\/\/www.neo-messtechnik.com\/en\/","name":"NEO Messtechnik","description":"Power Quality with perfection","publisher":{"@id":"https:\/\/www.neo-messtechnik.com\/en\/#organization"},"potentialAction":[{"@type":"SearchAction","target":{"@type":"EntryPoint","urlTemplate":"https:\/\/www.neo-messtechnik.com\/en\/?s={search_term_string}"},"query-input":{"@type":"PropertyValueSpecification","valueRequired":true,"valueName":"search_term_string"}}],"inLanguage":"de"},{"@type":"Organization","@id":"https:\/\/www.neo-messtechnik.com\/en\/#organization","name":"NEO Messtechnik GmbH","url":"https:\/\/www.neo-messtechnik.com\/en\/","logo":{"@type":"ImageObject","inLanguage":"de","@id":"https:\/\/www.neo-messtechnik.com\/en\/#\/schema\/logo\/image\/","url":"https:\/\/www.neo-messtechnik.com\/wp-content\/uploads\/2020\/02\/Logo-german-english-3.png","contentUrl":"https:\/\/www.neo-messtechnik.com\/wp-content\/uploads\/2020\/02\/Logo-german-english-3.png","width":466,"height":264,"caption":"NEO Messtechnik GmbH"},"image":{"@id":"https:\/\/www.neo-messtechnik.com\/en\/#\/schema\/logo\/image\/"},"sameAs":["http:\/\/linkedin.com\/company\/neo-messtechnik"]}]}},"_links":{"self":[{"href":"https:\/\/www.neo-messtechnik.com\/de\/wp-json\/wp\/v2\/pages\/10598","targetHints":{"allow":["GET"]}}],"collection":[{"href":"https:\/\/www.neo-messtechnik.com\/de\/wp-json\/wp\/v2\/pages"}],"about":[{"href":"https:\/\/www.neo-messtechnik.com\/de\/wp-json\/wp\/v2\/types\/page"}],"author":[{"embeddable":true,"href":"https:\/\/www.neo-messtechnik.com\/de\/wp-json\/wp\/v2\/users\/21"}],"replies":[{"embeddable":true,"href":"https:\/\/www.neo-messtechnik.com\/de\/wp-json\/wp\/v2\/comments?post=10598"}],"version-history":[{"count":13,"href":"https:\/\/www.neo-messtechnik.com\/de\/wp-json\/wp\/v2\/pages\/10598\/revisions"}],"predecessor-version":[{"id":10622,"href":"https:\/\/www.neo-messtechnik.com\/de\/wp-json\/wp\/v2\/pages\/10598\/revisions\/10622"}],"wp:attachment":[{"href":"https:\/\/www.neo-messtechnik.com\/de\/wp-json\/wp\/v2\/media?parent=10598"}],"curies":[{"name":"wp","href":"https:\/\/api.w.org\/{rel}","templated":true}]}}