{"id":5686,"date":"2020-04-25T14:40:46","date_gmt":"2020-04-25T12:40:46","guid":{"rendered":"https:\/\/www.neo-messtechnik.com\/hestia\/?page_id=5686"},"modified":"2025-07-09T11:28:11","modified_gmt":"2025-07-09T09:28:11","slug":"impressum","status":"publish","type":"page","link":"http:\/\/www.neo-messtechnik.com\/en\/impressum","title":{"rendered":"Impressum"},"content":{"rendered":"<div class=\"wpb-content-wrapper\"><div id=\"fws_69fa9da1ce85b\" class=\"vc_row wpb_row vc_row-fluid  animate_onoffset row-dynamic-el standard_section     \" style=\"\" ><div  style=\"position: absolute;top: 0;\"><\/div><div class=\"container  dark\"><div class=\"section_clear\">\n\t<div class=\"vc_col-sm-12 wpb_column column_container \" style=\"\" data-animation=\"none\" data-delay=\"\">\n\t\t\t<div class=\"wpb_wrapper\">\n\t\t\t\t\n\t<div class=\"wpb_text_column wpb_content_element \">\n\t\t<div class=\"wpb_wrapper\" >\n\t\t\t<h3><strong>Impressum \/ Imprint<\/strong><\/h3>\n<p>NEO Messtechnik GmbH<br \/>\nSonnweg 4<br \/>\nAT-2871 Z\u00f6bern<br \/>\n+43 2642 20301<br \/>\nsales@neo-messtechnik.com<\/p>\n<p>UID-Nr. ATU75215447<br \/>\nCommercial Register Wr. Neustadt<br \/>\nFN528453m<\/p>\n<p>Verantwortlich f\u00fcr den Inhalt (responsible for content) nach \u00a7 55 Abs. 2 RStV: Dipl.-Ing. Bernhard Grasel Dr.<\/p>\n<p>Dieses Impressum gilt auch f\u00fcr die folgenden Social-Media-Pr\u00e4senzen und Onlineprofile:<br \/>\n<a href=\"https:\/\/www.linkedin.com\/company\/neo-messtechnik\" target=\"_blank\" rel=\"noopener noreferrer\">https:\/\/www.linkedin.com\/company\/neo-messtechnik<\/a><\/p>\n<hr \/>\n<p>NEO Messtechnik GmbH ist dazu verpflichtet, diese Website aktuell und akkurat zu halten. Solltest du dennoch auf irgendetwas sto\u00dfen, dass veraltet oder inkorrekt ist, w\u00fcrden wir es sch\u00e4tzen, wenn du es uns wissen l\u00e4sst. Bitte weise darauf hin, wo du auf der Seite die Information gelesen hast. Wir werden uns dann so schnell wie m\u00f6glich darum k\u00fcmmern. Bitte sende deine R\u00fcckmeldung an:\u00a0sales@neo-messtechnik.com<\/p>\n<p>Wir \u00fcbernehmen keine Haftung f\u00fcr aus Ungenauigkeit oder Unvollst\u00e4ndigkeit resultierenden Verluste, noch f\u00fcr entstehende Verluste oder Verbreitung von Informationen durch das Internet, wie St\u00f6rungen oder Unterbrechungen. Bei der Verwendung von Internetfomularen streben wir danach die Anzahl der ben\u00f6tigten Felder zu minimieren. F\u00fcr jegliche Verluste die aus der Verwendung von NEO Messtechnik GmbH empfohlener oder stammender Daten, Hinweisen oder Ideen \u00fcbernimmt NEO Messtechnik GmbH keine Haftung.<\/p>\n<p>\u00dcber E-Mail oder mittels eines Internetfomular versendete Antworten und Datenschutzanfragen werden in gleicher Weise wie Briefe behandelt. Dies bedeutet, dass du sp\u00e4testens innerhalb eines Monats mit einer Antwort von uns rechnen kannst. Im Falle umfangreicher Anfragen werden wir dich innerhalb eines Monats wissen lassen ob wir ein Maximum von drei Monaten ben\u00f6tigen.<\/p>\n<p>Jegliche pers\u00f6nliche Information welche du uns innerhalb des Kontexts deiner Antwort oder deinem Antrag zur Verf\u00fcgung stellst, wird ausschlie\u00dflich gem\u00e4\u00df unserer Datenschutzerkl\u00e4rung genutzt.<\/p>\n<p>Jegliches intellektuelle Eigentumsrecht an Inhalten auf dieser Website ist im Besitz von NEO Messtechnik GmbH oder von Drittanbietern, welche diese Inhalte selbst platziert haben, oder von denen NEO Messtechnik GmbH \u00fcber eine Endnutzer-Lizenzvereinbarung verf\u00fcgt.<\/p>\n<p>Das Kopieren, Verbreiten oder jegliche andere Nutzung dieses Materials ist ohne die schriftliche Erlaubniss von NEO Messtechnik GmbH nicht gestattet, sofern in geltendem Gesetz nicht anders vereinbart oder ausgenommen (wie etwa das Recht zu zitieren), solang der spezifische Inhalt nichts anderes vorschreibt.<\/p>\n<p>Wenn du Fragen oder Probleme mit der Verf\u00fcgbarkeit der Website hast, z\u00f6gere nicht uns zu kontaktieren.<\/p>\n<p>Im Hinblick auf die technischen Eigenschaften des Internet kann keine Gew\u00e4hr f\u00fcr die Authentizit\u00e4t, Richtigkeit und Vollst\u00e4ndigkeit der im Internet zur Verf\u00fcgung gestellten Informationen \u00fcbernommen werden. Es wird auch keine Gew\u00e4hr f\u00fcr die Verf\u00fcgbarkeit oder den Betrieb der gegenst\u00e4ndlichen Webseite und ihrer Inhalte \u00fcbernommen.<\/p>\n<p>Jede Haftung f\u00fcr unmittelbare, mittelbare oder sonstige Sch\u00e4den, unabh\u00e4ngig von deren Ursachen, die aus der Benutzung oder Nichtverf\u00fcgbarkeit der Daten und Informationen dieser Homepage erwachsen, wird, soweit rechtlich zul\u00e4ssig, ausgeschlossen.<\/p>\n<p>Unser Angebot enth\u00e4lt Links zu externen Webseiten Dritter, auf deren Inhalte wir keinen Einfluss haben. Deshalb k\u00f6nnen wir f\u00fcr diese fremden Inhalte auch keine Gew\u00e4hr \u00fcbernehmen. F\u00fcr die Inhalte der verlinkten Seiten ist stets der jeweilige Anbieter oder Betreiber der Seiten verantwortlich. Die verlinkten Seiten wurden zum Zeitpunkt der Verlinkung auf m\u00f6gliche Rechtsverst\u00f6sse \u00fcberpr\u00fcft. Rechtswidrige Inhalte waren zum Zeitpunkt der Verlinkung nicht erkennbar.<\/p>\n<p>Der Inhalt dieser Webseite ist urheberrechtlich gesch\u00fctzt. Verlinkungen auf unsere Webseite sind herzlich willkommen!<\/p>\n<p>Online-Streitbeilegung<br \/>\nDie EU-Kommission stellt eine benutzerfreundliche Plattform zur Online-Beilegung von verbraucherrechtlichen Streitigkeiten, die sich aus dem online Verkauf von Waren oder der online Erbringung von Dienstleistungen ergeben (OS-Plattform), bereit. Die OS-Plattform ist unter folgendem Link erreichbar:\u00a0<a href=\"https:\/\/ec.europa.eu\/consumers\/odr\" target=\"_blank\" rel=\"noopener noreferrer\">https:\/\/ec.europa.eu\/consumers\/odr<\/a><\/p>\n<p><strong>Haftungsausschluss<\/strong>: Die Inhalte dieses Onlineangebotes wurden sorgf\u00e4ltig und nach unserem aktuellen Kenntnisstand erstellt, dienen jedoch nur der Information und entfalten keine rechtlich bindende Wirkung, sofern es sich nicht um gesetzlich verpflichtende Informationen (z.B. das Impressum, die Datenschutzerkl\u00e4rung, AGB oder verpflichtende Belehrungen von Verbrauchern) handelt. Wir behalten uns vor, die Inhalte vollst\u00e4ndig oder teilweise zu \u00e4ndern oder zu l\u00f6schen, soweit vertragliche Verpflichtungen unber\u00fchrt bleiben. Alle Angebote sind freibleibend und unverbindlich.<\/p>\n<p><strong>Links auf fremde Webseiten<\/strong>: Inhalte fremder Webseiten, auf die wir direkt oder indirekt verweisen, liegen au\u00dferhalb unseres Verantwortungsbereiches und machen wir uns nicht zu Eigen. F\u00fcr alle Inhalte und insbesondere f\u00fcr Sch\u00e4den, die aus der Nutzung der in den verlinkten Webseiten aufrufbaren Informationen entstehen, haftet allein der Anbieter der verlinkten Webseiten.<\/p>\n<p><strong>Urheberrechte und Markenrechte<\/strong>: Alle auf dieser Website dargestellten Inhalte, wie Texte, Fotografien, Grafiken, Marken und Warenzeichen sind durch die jeweiligen Schutzrechte (Urheberrechte, Markenrechte) gesch\u00fctzt. Die Verwendung, Vervielf\u00e4ltigung usw. unterliegen unseren Rechten oder den Rechten der jeweiligen Urheber bzw. Rechteverwalter.<\/p>\n<p><strong>Hinweise auf Rechtsverst\u00f6\u00dfe<\/strong>: Sollten Sie innerhalb unseres Internetauftritts Rechtsverst\u00f6\u00dfe bemerken, bitten wir Sie uns auf diese hinzuweisen. Wir werden rechtswidrige Inhalte und Links nach Kenntnisnahme unverz\u00fcglich entfernen.<\/p>\n<p><strong>Bildquellen und Urheberrechtshinweise<\/strong>:<br \/>\n\u00a9 NEO Messtechnik, \u00a9 Dipl.-Ing. Bernhard Grasel Dr.<\/p>\n<hr \/>\n<p>NEO Messtechnik GmbH is committed to keeping this website up to date and accurate. Should you nevertheless encounter anything that is incorrect or out of date, we would appreciate it if you could let us know. Please indicate where on the website you read the information. We will then look at this as soon as possible. Please send your response by email to: sales@neo-messtechnik.com.<\/p>\n<p>We are not liable for loss as a result of inaccuracies or incompleteness, nor for loss resulting from problems caused by or inherent to the dissemination of information through the internet, such as disruptions or interruptions. When using web forms, we strive to limit the number of required fields to a minimum. For any loss suffered as a result of the use of data, advice or ideas provided by or on behalf of NEO Messtechnik GmbH via this website, NEO Messtechnik GmbH accepts no liability.<\/p>\n<p>Responses and privacy inquiries submitted by email or using a web form will be treated in the same way as letters. This means that you can expect a response from us within a period of 1 month at the latest. In the case of complex requests, we will let you know within 1 month if we need a maximum of 3 months.<\/p>\n<p>Any personal data you provide us with in the context of your response or request for information will only be used in accordance with our privacy statement.<\/p>\n<p>All intellectual property rights to content on this website are vested in NEO Messtechnik GmbH or in third parties who have placed the content themselves or from whom NEO Messtechnik GmbH has obtained a user licence.<\/p>\n<p>Copying, disseminating and any other use of these materials is not permitted without the written permission of NEO Messtechnik GmbH, except and only insofar as otherwise stipulated in regulations of mandatory law (such as the right to quote), unless specific content dictates otherwise.<\/p>\n<p>If you have any questions or problems with the accessibility of the website, please do not hesitate to contact us.<\/p>\n<p><strong>Pictures and Copyright<\/strong>:<br \/>\n\u00a9 NEO Messtechnik, \u00a9 Dipl.-Ing. Bernhard Grasel Dr.<\/p>\n<hr \/>\n<p><i>Dieses Impressum wurde zuletzt am Mai, 2020 aktualisiert<\/i> (last update)<\/p>\n\n\t\t<\/div> \n\t<\/div> \n\t\t\t<\/div> \n\t<\/div> \n<\/div><\/div><\/div>\n<\/div>","protected":false},"excerpt":{"rendered":"Impressum \/ Imprint NEO Messtechnik GmbH Sonnweg 4 AT-2871 Z\u00f6bern +43 2642 20301 sales@neo-messtechnik.com UID-Nr. ATU75215447 Commercial Register Wr. Neustadt FN528453m Verantwortlich f\u00fcr den Inhalt (responsible for content) nach \u00a7 55 Abs. 2 RStV: Dipl.-Ing. Bernhard Grasel Dr. Dieses Impressum gilt auch f\u00fcr die folgenden Social-Media-Pr\u00e4senzen und Onlineprofile: https:\/\/www.linkedin.com\/company\/neo-messtechnik NEO Messtechnik GmbH ist dazu verpflichtet, [...]","protected":false},"author":1,"featured_media":0,"parent":0,"menu_order":0,"comment_status":"closed","ping_status":"closed","template":"","meta":{"footnotes":""},"class_list":["post-5686","page","type-page","status-publish","hentry"],"yoast_head":"<!-- This site is optimized with the Yoast SEO plugin v27.5 - https:\/\/yoast.com\/product\/yoast-seo-wordpress\/ -->\n<title>Impressum - NEO Messtechnik<\/title>\n<meta name=\"robots\" content=\"index, follow, max-snippet:-1, max-image-preview:large, max-video-preview:-1\" \/>\n<link rel=\"canonical\" href=\"https:\/\/www.neo-messtechnik.com\/en\/impressum\/\" \/>\n<meta property=\"og:locale\" content=\"en_US\" \/>\n<meta property=\"og:type\" content=\"article\" \/>\n<meta property=\"og:title\" content=\"Impressum - NEO Messtechnik\" \/>\n<meta property=\"og:url\" content=\"https:\/\/www.neo-messtechnik.com\/en\/impressum\/\" \/>\n<meta property=\"og:site_name\" content=\"NEO Messtechnik\" \/>\n<meta property=\"article:modified_time\" content=\"2025-07-09T09:28:11+00:00\" \/>\n<meta name=\"twitter:card\" content=\"summary_large_image\" \/>\n<meta name=\"twitter:label1\" content=\"Est. reading time\" \/>\n\t<meta name=\"twitter:data1\" content=\"5 minutes\" \/>\n<script type=\"application\/ld+json\" class=\"yoast-schema-graph\">{\"@context\":\"https:\\\/\\\/schema.org\",\"@graph\":[{\"@type\":\"WebPage\",\"@id\":\"https:\\\/\\\/www.neo-messtechnik.com\\\/impressum\",\"url\":\"https:\\\/\\\/www.neo-messtechnik.com\\\/impressum\",\"name\":\"Impressum - NEO Messtechnik\",\"isPartOf\":{\"@id\":\"https:\\\/\\\/www.neo-messtechnik.com\\\/en\\\/#website\"},\"datePublished\":\"2020-04-25T12:40:46+00:00\",\"dateModified\":\"2025-07-09T09:28:11+00:00\",\"breadcrumb\":{\"@id\":\"https:\\\/\\\/www.neo-messtechnik.com\\\/impressum#breadcrumb\"},\"inLanguage\":\"en-US\",\"potentialAction\":[{\"@type\":\"ReadAction\",\"target\":[\"https:\\\/\\\/www.neo-messtechnik.com\\\/impressum\"]}]},{\"@type\":\"BreadcrumbList\",\"@id\":\"https:\\\/\\\/www.neo-messtechnik.com\\\/impressum#breadcrumb\",\"itemListElement\":[{\"@type\":\"ListItem\",\"position\":1,\"name\":\"Home\",\"item\":\"https:\\\/\\\/www.neo-messtechnik.com\\\/\"},{\"@type\":\"ListItem\",\"position\":2,\"name\":\"Impressum\"}]},{\"@type\":\"WebSite\",\"@id\":\"https:\\\/\\\/www.neo-messtechnik.com\\\/en\\\/#website\",\"url\":\"https:\\\/\\\/www.neo-messtechnik.com\\\/en\\\/\",\"name\":\"NEO Messtechnik\",\"description\":\"Power Quality with perfection\",\"publisher\":{\"@id\":\"https:\\\/\\\/www.neo-messtechnik.com\\\/en\\\/#organization\"},\"potentialAction\":[{\"@type\":\"SearchAction\",\"target\":{\"@type\":\"EntryPoint\",\"urlTemplate\":\"https:\\\/\\\/www.neo-messtechnik.com\\\/en\\\/?s={search_term_string}\"},\"query-input\":{\"@type\":\"PropertyValueSpecification\",\"valueRequired\":true,\"valueName\":\"search_term_string\"}}],\"inLanguage\":\"en-US\"},{\"@type\":\"Organization\",\"@id\":\"https:\\\/\\\/www.neo-messtechnik.com\\\/en\\\/#organization\",\"name\":\"NEO Messtechnik GmbH\",\"url\":\"https:\\\/\\\/www.neo-messtechnik.com\\\/en\\\/\",\"logo\":{\"@type\":\"ImageObject\",\"inLanguage\":\"en-US\",\"@id\":\"https:\\\/\\\/www.neo-messtechnik.com\\\/en\\\/#\\\/schema\\\/logo\\\/image\\\/\",\"url\":\"https:\\\/\\\/www.neo-messtechnik.com\\\/wp-content\\\/uploads\\\/2020\\\/02\\\/Logo-german-english-3.png\",\"contentUrl\":\"https:\\\/\\\/www.neo-messtechnik.com\\\/wp-content\\\/uploads\\\/2020\\\/02\\\/Logo-german-english-3.png\",\"width\":466,\"height\":264,\"caption\":\"NEO Messtechnik GmbH\"},\"image\":{\"@id\":\"https:\\\/\\\/www.neo-messtechnik.com\\\/en\\\/#\\\/schema\\\/logo\\\/image\\\/\"},\"sameAs\":[\"http:\\\/\\\/linkedin.com\\\/company\\\/neo-messtechnik\"]}]}<\/script>\n<!-- \/ Yoast SEO plugin. -->","yoast_head_json":{"title":"Impressum - NEO Messtechnik","robots":{"index":"index","follow":"follow","max-snippet":"max-snippet:-1","max-image-preview":"max-image-preview:large","max-video-preview":"max-video-preview:-1"},"canonical":"https:\/\/www.neo-messtechnik.com\/en\/impressum\/","og_locale":"en_US","og_type":"article","og_title":"Impressum - NEO Messtechnik","og_url":"https:\/\/www.neo-messtechnik.com\/en\/impressum\/","og_site_name":"NEO Messtechnik","article_modified_time":"2025-07-09T09:28:11+00:00","twitter_card":"summary_large_image","twitter_misc":{"Est. reading time":"5 minutes"},"schema":{"@context":"https:\/\/schema.org","@graph":[{"@type":"WebPage","@id":"https:\/\/www.neo-messtechnik.com\/impressum","url":"https:\/\/www.neo-messtechnik.com\/impressum","name":"Impressum - NEO Messtechnik","isPartOf":{"@id":"https:\/\/www.neo-messtechnik.com\/en\/#website"},"datePublished":"2020-04-25T12:40:46+00:00","dateModified":"2025-07-09T09:28:11+00:00","breadcrumb":{"@id":"https:\/\/www.neo-messtechnik.com\/impressum#breadcrumb"},"inLanguage":"en-US","potentialAction":[{"@type":"ReadAction","target":["https:\/\/www.neo-messtechnik.com\/impressum"]}]},{"@type":"BreadcrumbList","@id":"https:\/\/www.neo-messtechnik.com\/impressum#breadcrumb","itemListElement":[{"@type":"ListItem","position":1,"name":"Home","item":"https:\/\/www.neo-messtechnik.com\/"},{"@type":"ListItem","position":2,"name":"Impressum"}]},{"@type":"WebSite","@id":"https:\/\/www.neo-messtechnik.com\/en\/#website","url":"https:\/\/www.neo-messtechnik.com\/en\/","name":"NEO Messtechnik","description":"Power Quality with perfection","publisher":{"@id":"https:\/\/www.neo-messtechnik.com\/en\/#organization"},"potentialAction":[{"@type":"SearchAction","target":{"@type":"EntryPoint","urlTemplate":"https:\/\/www.neo-messtechnik.com\/en\/?s={search_term_string}"},"query-input":{"@type":"PropertyValueSpecification","valueRequired":true,"valueName":"search_term_string"}}],"inLanguage":"en-US"},{"@type":"Organization","@id":"https:\/\/www.neo-messtechnik.com\/en\/#organization","name":"NEO Messtechnik GmbH","url":"https:\/\/www.neo-messtechnik.com\/en\/","logo":{"@type":"ImageObject","inLanguage":"en-US","@id":"https:\/\/www.neo-messtechnik.com\/en\/#\/schema\/logo\/image\/","url":"https:\/\/www.neo-messtechnik.com\/wp-content\/uploads\/2020\/02\/Logo-german-english-3.png","contentUrl":"https:\/\/www.neo-messtechnik.com\/wp-content\/uploads\/2020\/02\/Logo-german-english-3.png","width":466,"height":264,"caption":"NEO Messtechnik GmbH"},"image":{"@id":"https:\/\/www.neo-messtechnik.com\/en\/#\/schema\/logo\/image\/"},"sameAs":["http:\/\/linkedin.com\/company\/neo-messtechnik"]}]}},"_links":{"self":[{"href":"http:\/\/www.neo-messtechnik.com\/en\/wp-json\/wp\/v2\/pages\/5686","targetHints":{"allow":["GET"]}}],"collection":[{"href":"http:\/\/www.neo-messtechnik.com\/en\/wp-json\/wp\/v2\/pages"}],"about":[{"href":"http:\/\/www.neo-messtechnik.com\/en\/wp-json\/wp\/v2\/types\/page"}],"author":[{"embeddable":true,"href":"http:\/\/www.neo-messtechnik.com\/en\/wp-json\/wp\/v2\/users\/1"}],"replies":[{"embeddable":true,"href":"http:\/\/www.neo-messtechnik.com\/en\/wp-json\/wp\/v2\/comments?post=5686"}],"version-history":[{"count":11,"href":"http:\/\/www.neo-messtechnik.com\/en\/wp-json\/wp\/v2\/pages\/5686\/revisions"}],"predecessor-version":[{"id":9942,"href":"http:\/\/www.neo-messtechnik.com\/en\/wp-json\/wp\/v2\/pages\/5686\/revisions\/9942"}],"wp:attachment":[{"href":"http:\/\/www.neo-messtechnik.com\/en\/wp-json\/wp\/v2\/media?parent=5686"}],"curies":[{"name":"wp","href":"https:\/\/api.w.org\/{rel}","templated":true}]}}