{"id":8133,"date":"2023-02-07T15:57:11","date_gmt":"2023-02-07T14:57:11","guid":{"rendered":"https:\/\/www.neo-messtechnik.com\/?page_id=8133"},"modified":"2023-02-21T16:23:00","modified_gmt":"2023-02-21T15:23:00","slug":"condis-sa-solution-partner","status":"publish","type":"page","link":"http:\/\/www.neo-messtechnik.com\/de\/condis-sa-solution-partner","title":{"rendered":"CONDIS SA &#8211; Solution Partner"},"content":{"rendered":"<div class=\"wpb-content-wrapper\"><div id=\"fws_69db5bf7584f7\" class=\"vc_row wpb_row vc_row-fluid  animate_onoffset row-dynamic-el standard_section\" style=\"\" ><div  style=\"position: absolute;top: 0;\"><\/div><div class=\"container  dark\"><div class=\"section_clear\">\n\t<div class=\"vc_col-sm-12 wpb_column column_container\" style=\"\" data-animation=\"none\" data-delay=\"\">\n\t\t\t<div class=\"wpb_wrapper\">\n\t\t\t\t<div class=\"wpb_content_element media_align_left media media_el animate_onoffset\"><div class=\"media_wrapper\" ><img decoding=\"async\" src=\"https:\/\/www.neo-messtechnik.com\/wp-content\/uploads\/2023\/02\/NEO-CONDIS-SOLUTION-PARTNER-1.png\" alt=\"Alt Text\" class=\"type_image animated fadeInUp alignment_left\" \/><\/div><\/div>\n\t\t\t<\/div> \n\t<\/div> \n<\/div><\/div><\/div><div id=\"RITZ\" class=\"vc_row wpb_row vc_row-fluid  animate_onoffset row-dynamic-el standard_section\" style=\"\" ><div  style=\"position: absolute;top: 0;\"><\/div><div class=\"container  dark\"><div class=\"section_clear\">\n\t<div class=\"vc_col-sm-12 wpb_column column_container\" style=\"\" data-animation=\"none\" data-delay=\"\">\n\t\t\t<div class=\"wpb_wrapper\">\n\t\t\t\t<div class=\"vc_custom_heading wpb_content_element\" ><h2 style=\"font-size: 36px;color: #1c1c1c;text-align: center\" >CONDIS SA - Solution Partner<\/h2><\/div>\n\t<div class=\"wpb_text_column wpb_content_element\">\n\t\t<div class=\"wpb_wrapper\" >\n\t\t\t<h4 style=\"text-align: center;\">Power Quality Messungen im Hoch- und H\u00f6chstspannungsnetz<\/h4>\n\n\t\t<\/div> \n\t<\/div> <div class=\"codeless_separator\" style=\" height:1px;  margin-top:0px;  margin-bottom:0px; \"><span class=\"separator\" style=\" width:60px;  background:#ffdd00;  left:50%;height:100%; margin-left: -30px;position: absolute;\"><\/span><\/div>\n\t\t\t<\/div> \n\t<\/div> \n<\/div><\/div><\/div><div id=\"fws_69db5bf75c4ef\" class=\"vc_row wpb_row vc_row-fluid  animate_onoffset row-dynamic-el standard_section\" style=\"\" ><div  style=\"position: absolute;top: 0;\"><\/div><div class=\"container  dark\"><div class=\"section_clear\">\n\t<div class=\"vc_col-sm-12 wpb_column column_container\" style=\"\" data-animation=\"none\" data-delay=\"\">\n\t\t\t<div class=\"wpb_wrapper\">\n\t\t\t\t<div class=\"vc_custom_heading vc_custom_1675778620865 wpb_content_element\" ><h2 style=\"text-align: left\" >Neo Messtechnik und Condis SA bieten Gesamtl\u00f6sung!<\/h2><\/div>\n\t<div class=\"wpb_text_column wpb_content_element\">\n\t\t<div class=\"wpb_wrapper\" >\n\t\t\t<p>Wind- und Photovoltaikparks werden immer \u00f6fter auch an das Hoch- bzw. H\u00f6chstspannungsnetz angeschlossen. Bei den installierten Spannungswandlern handelt es sich meistens um kapazitive und induktive Ger\u00e4te, die sogar f\u00fcr Frequenzmessungen bis 2 kHz kaum zu gebrauchen sind. Einen Eindruck vermittelt die folgende Tabelle, die von der CIGRE \/ CIRED f\u00fcr induktive Spannungswandler ver\u00f6ffentlicht wurde.<br \/>\n(WG C4.112 Technical Brochure 596)<\/p>\n\n\t\t<\/div> \n\t<\/div> \n\t\t\t<\/div> \n\t<\/div> \n<\/div><\/div><\/div><div id=\"fws_69db5bf75d1c6\" class=\"vc_row wpb_row vc_row-fluid  animate_onoffset row-dynamic-el standard_section\" style=\"\" ><div  style=\"position: absolute;top: 0;\"><\/div><div class=\"container  dark\"><div class=\"section_clear\">\n\t<div class=\"vc_col-sm-12 wpb_column column_container\" style=\"\" data-animation=\"none\" data-delay=\"\">\n\t\t\t<div class=\"wpb_wrapper\">\n\t\t\t\t<div class=\"wpb_content_element media_align_left media media_el animate_onoffset\"><div class=\"media_wrapper\" ><img decoding=\"async\" src=\"https:\/\/www.neo-messtechnik.com\/wp-content\/uploads\/2023\/02\/CIRED-TECHNISCHE-BROSCHUERE.png\" alt=\"Alt Text\" class=\"type_image animated fadeInDown alignment_left\" \/><\/div><\/div>\n\t\t\t<\/div> \n\t<\/div> \n<\/div><\/div><\/div><div id=\"fws_69db5bf75f3db\" class=\"vc_row wpb_row vc_row-fluid  animate_onoffset row-dynamic-el standard_section\" style=\"\" ><div  style=\"position: absolute;top: 0;\"><\/div><div class=\"container  dark\"><div class=\"section_clear\">\n\t<div class=\"vc_col-sm-12 wpb_column column_container\" style=\"\" data-animation=\"none\" data-delay=\"\">\n\t\t\t<div class=\"wpb_wrapper\">\n\t\t\t\t\n\t<div class=\"wpb_text_column wpb_content_element\">\n\t\t<div class=\"wpb_wrapper\" >\n\t\t\t<p>Aber auch kapazitive Spannungswandler k\u00f6nnen in der Mehrzahl der F\u00e4lle keine ausreichende Bandbreite bereitstellen.<\/p>\n<p>Neo Messtechnik arbeitet aus diesem Grund mit dem Schweizer Spezialisten Condis SA zusammen, der RC- und CR-Teiler f\u00fcr Hochspannungsanwendungen mit gro\u00dfen Bandbreiten bis 1 MHz anbietet. Spannungstransienten und Oberschwingungen k\u00f6nnen somit hochgenau ermittelt werden.<\/p>\n\n\t\t<\/div> \n\t<\/div> \n\t\t\t<\/div> \n\t<\/div> \n<\/div><\/div><\/div><div id=\"fws_69db5bf75fe28\" class=\"vc_row wpb_row vc_row-fluid  animate_onoffset row-dynamic-el standard_section\" style=\"\" ><div  style=\"position: absolute;top: 0;\"><\/div><div class=\"container  dark\"><div class=\"section_clear\">\n\t<div class=\"vc_col-sm-12 wpb_column column_container\" style=\"\" data-animation=\"none\" data-delay=\"\">\n\t\t\t<div class=\"wpb_wrapper\">\n\t\t\t\t<div class=\"wpb_content_element media_align_left media media_el animate_onoffset\"><div class=\"media_wrapper\" ><img decoding=\"async\" src=\"https:\/\/www.neo-messtechnik.com\/wp-content\/uploads\/2023\/02\/CONDIS-CR-TEILER.png\" alt=\"Alt Text\" class=\"type_image animated fadeInDown alignment_left\" \/><\/div><\/div>\n\t\t\t<\/div> \n\t<\/div> \n<\/div><\/div><\/div><div id=\"fws_69db5bf761fb4\" class=\"vc_row wpb_row vc_row-fluid  animate_onoffset row-dynamic-el standard_section\" style=\"\" ><div  style=\"position: absolute;top: 0;\"><\/div><div class=\"container  dark\"><div class=\"section_clear\">\n\t<div class=\"vc_col-sm-12 wpb_column column_container\" style=\"\" data-animation=\"none\" data-delay=\"\">\n\t\t\t<div class=\"wpb_wrapper\">\n\t\t\t\t<div class=\"vc_custom_heading vc_custom_1675266204805 wpb_content_element\" ><h2 style=\"text-align: center\" >Zukunftssichere Messtechnik<\/h2><\/div><div class=\"vc_row wpb_row vc_inner vc_row-fluid\"><div class=\"wpb_column vc_column_container vc_col-sm-3\"><div class=\"vc_column-inner\"><div class=\"wpb_wrapper\"><div class=\"wpb_content_element list\" style=\"\"><ul data-icon=\"steadysets-icon-checkmark\">\n\t\t\t\t<li class=\"titledesc\"><dl class=\"dl-horizontal\"><dt><span class=\"circle\"><i class=\"\"><\/i><\/span><\/dt><dd><h6>IEC CDV 61869-1 Freqeunzklassen<\/h6><p><\/p><\/dd><\/dl><\/li><\/ul><\/div><\/div><\/div><\/div><div class=\"wpb_column vc_column_container vc_col-sm-3\"><div class=\"vc_column-inner\"><div class=\"wpb_wrapper\"><div class=\"wpb_content_element list\" style=\"\"><ul data-icon=\"steadysets-icon-checkmark\">\n\t\t\t\t<li class=\"titledesc\"><dl class=\"dl-horizontal\"><dt><span class=\"circle\"><i class=\"\"><\/i><\/span><\/dt><dd><h6>EN 50160 Parameter<\/h6><p><\/p><\/dd><\/dl><\/li><\/ul><\/div><\/div><\/div><\/div><div class=\"wpb_column vc_column_container vc_col-sm-3\"><div class=\"vc_column-inner\"><div class=\"wpb_wrapper\"><div class=\"wpb_content_element list\" style=\"\"><ul data-icon=\"steadysets-icon-checkmark\">\n\t\t\t\t<li class=\"titledesc\"><dl class=\"dl-horizontal\"><dt><span class=\"circle\"><i class=\"\"><\/i><\/span><\/dt><dd><h6>FFT bis zu 500 kHz<\/h6><p><\/p><\/dd><\/dl><\/li><\/ul><\/div><\/div><\/div><\/div><div class=\"wpb_column vc_column_container vc_col-sm-3\"><div class=\"vc_column-inner\"><div class=\"wpb_wrapper\"><div class=\"wpb_content_element list\" style=\"\"><ul data-icon=\"steadysets-icon-checkmark\">\n\t\t\t\t<li class=\"titledesc\"><dl class=\"dl-horizontal\"><dt><span class=\"circle\"><i class=\"\"><\/i><\/span><\/dt><dd><h6>Messung von Wandlerwellen und Transienten<\/h6><p><\/p><\/dd><\/dl><\/li><\/ul><\/div><\/div><\/div><\/div><\/div>\n\t\t\t<\/div> \n\t<\/div> \n<\/div><\/div><\/div><div id=\"fws_69db5bf7651dd\" class=\"vc_row wpb_row vc_row-fluid  animate_onoffset row-dynamic-el standard_section\" style=\"\" ><div  style=\"position: absolute;top: 0;\"><\/div><div class=\"container  dark\"><div class=\"section_clear\">\n\t<div class=\"vc_col-sm-12 wpb_column column_container\" style=\"\" data-animation=\"none\" data-delay=\"\">\n\t\t\t<div class=\"wpb_wrapper\">\n\t\t\t\t<div class=\"wpb_content_element media_align_left media media_el animate_onoffset\"><div class=\"media_wrapper\" ><img decoding=\"async\" src=\"https:\/\/www.neo-messtechnik.com\/wp-content\/uploads\/2023\/02\/CONDIS-SCADA-SOLUTION.png\" alt=\"Alt Text\" class=\"type_image animated fadeInDown alignment_left\" \/><\/div><\/div>\n\t\t\t<\/div> \n\t<\/div> \n<\/div><\/div><\/div><div id=\"fws_69db5bf76741f\" class=\"vc_row wpb_row vc_row-fluid  animate_onoffset row-dynamic-el standard_section\" style=\"\" ><div  style=\"position: absolute;top: 0;\"><\/div><div class=\"container  dark\"><div class=\"section_clear\">\n\t<div class=\"vc_col-sm-12 wpb_column column_container\" style=\"\" data-animation=\"none\" data-delay=\"\">\n\t\t\t<div class=\"wpb_wrapper\">\n\t\t\t\t<div class=\"wpb_content_element media_align_left media media_el animate_onoffset\"><div class=\"media_wrapper\" ><img decoding=\"async\" src=\"https:\/\/www.neo-messtechnik.com\/wp-content\/uploads\/2023\/02\/NEW-SCADA-SOLUTION.png\" alt=\"Alt Text\" class=\"type_image animated fadeInLeft alignment_left\" \/><\/div><\/div>\n\t\t\t<\/div> \n\t<\/div> \n<\/div><\/div><\/div><div id=\"fws_69db5bf76a851\" class=\"vc_row wpb_row vc_row-fluid  animate_onoffset row-dynamic-el standard_section\" style=\"\" ><div  style=\"position: absolute;top: 0;\"><\/div><div class=\"container  dark\"><div class=\"section_clear\">\n\t<div class=\"vc_col-sm-12 wpb_column column_container\" style=\"\" data-animation=\"none\" data-delay=\"\">\n\t\t\t<div class=\"wpb_wrapper\">\n\t\t\t\t\n\t<div class=\"wpb_text_column wpb_content_element\">\n\t\t<div class=\"wpb_wrapper\" >\n\t\t\t<p style=\"text-align: center;\"><a href=\"http:\/\/www.condis.ch\">www.condis.ch<\/a><\/p>\n\n\t\t<\/div> \n\t<\/div> \n\t\t\t<\/div> \n\t<\/div> \n<\/div><\/div><\/div>\n<\/div>","protected":false},"excerpt":{"rendered":"CONDIS SA - Solution Partner Power Quality Measurements in High and Extra High Voltage Networks NEO Messtechnik and Condis SA offer a complete solution! Wind and photovoltaic parks are more and more often connected to the high or extra high voltage grid. The installed voltage transformers are mostly capacitive and inductive devices, which are hardly [...]","protected":false},"author":1,"featured_media":0,"parent":0,"menu_order":0,"comment_status":"closed","ping_status":"closed","template":"","meta":{"footnotes":""},"class_list":["post-8133","page","type-page","status-publish","hentry"],"yoast_head":"<!-- This site is optimized with the Yoast SEO plugin v27.3 - https:\/\/yoast.com\/product\/yoast-seo-wordpress\/ -->\n<title>CONDIS SA - Solution Partner - NEO Messtechnik<\/title>\n<meta name=\"description\" content=\"Power Quality Measurements in High and Extra High Voltage Networks. Neo Messtechnik and Condis SA offer a complete solution!\" \/>\n<meta name=\"robots\" content=\"index, follow, max-snippet:-1, max-image-preview:large, max-video-preview:-1\" \/>\n<link rel=\"canonical\" href=\"https:\/\/www.neo-messtechnik.com\/de\/condis-sa-solution-partner\/\" \/>\n<meta property=\"og:locale\" content=\"de_DE\" \/>\n<meta property=\"og:type\" content=\"article\" \/>\n<meta property=\"og:title\" content=\"CONDIS SA - Solution Partner - NEO Messtechnik\" \/>\n<meta property=\"og:description\" content=\"Power Quality Measurements in High and Extra High Voltage Networks. Neo Messtechnik and Condis SA offer a complete solution!\" \/>\n<meta property=\"og:url\" content=\"https:\/\/www.neo-messtechnik.com\/de\/condis-sa-solution-partner\/\" \/>\n<meta property=\"og:site_name\" content=\"NEO Messtechnik\" \/>\n<meta property=\"article:modified_time\" content=\"2023-02-21T15:23:00+00:00\" \/>\n<meta name=\"twitter:card\" content=\"summary_large_image\" \/>\n<meta name=\"twitter:label1\" content=\"Gesch\u00e4tzte Lesezeit\" \/>\n\t<meta name=\"twitter:data1\" content=\"1\u00a0Minute\" \/>\n<script type=\"application\/ld+json\" class=\"yoast-schema-graph\">{\"@context\":\"https:\\\/\\\/schema.org\",\"@graph\":[{\"@type\":\"WebPage\",\"@id\":\"https:\\\/\\\/www.neo-messtechnik.com\\\/condis-sa-solution-partner\",\"url\":\"https:\\\/\\\/www.neo-messtechnik.com\\\/condis-sa-solution-partner\",\"name\":\"CONDIS SA - Solution Partner - NEO Messtechnik\",\"isPartOf\":{\"@id\":\"https:\\\/\\\/www.neo-messtechnik.com\\\/en\\\/#website\"},\"datePublished\":\"2023-02-07T14:57:11+00:00\",\"dateModified\":\"2023-02-21T15:23:00+00:00\",\"description\":\"Power Quality Measurements in High and Extra High Voltage Networks. Neo Messtechnik and Condis SA offer a complete solution!\",\"breadcrumb\":{\"@id\":\"https:\\\/\\\/www.neo-messtechnik.com\\\/condis-sa-solution-partner#breadcrumb\"},\"inLanguage\":\"de\",\"potentialAction\":[{\"@type\":\"ReadAction\",\"target\":[\"https:\\\/\\\/www.neo-messtechnik.com\\\/condis-sa-solution-partner\"]}]},{\"@type\":\"BreadcrumbList\",\"@id\":\"https:\\\/\\\/www.neo-messtechnik.com\\\/condis-sa-solution-partner#breadcrumb\",\"itemListElement\":[{\"@type\":\"ListItem\",\"position\":1,\"name\":\"Home\",\"item\":\"https:\\\/\\\/www.neo-messtechnik.com\\\/\"},{\"@type\":\"ListItem\",\"position\":2,\"name\":\"CONDIS SA &#8211; Solution Partner\"}]},{\"@type\":\"WebSite\",\"@id\":\"https:\\\/\\\/www.neo-messtechnik.com\\\/en\\\/#website\",\"url\":\"https:\\\/\\\/www.neo-messtechnik.com\\\/en\\\/\",\"name\":\"NEO Messtechnik\",\"description\":\"Power Quality with perfection\",\"publisher\":{\"@id\":\"https:\\\/\\\/www.neo-messtechnik.com\\\/en\\\/#organization\"},\"potentialAction\":[{\"@type\":\"SearchAction\",\"target\":{\"@type\":\"EntryPoint\",\"urlTemplate\":\"https:\\\/\\\/www.neo-messtechnik.com\\\/en\\\/?s={search_term_string}\"},\"query-input\":{\"@type\":\"PropertyValueSpecification\",\"valueRequired\":true,\"valueName\":\"search_term_string\"}}],\"inLanguage\":\"de\"},{\"@type\":\"Organization\",\"@id\":\"https:\\\/\\\/www.neo-messtechnik.com\\\/en\\\/#organization\",\"name\":\"NEO Messtechnik GmbH\",\"url\":\"https:\\\/\\\/www.neo-messtechnik.com\\\/en\\\/\",\"logo\":{\"@type\":\"ImageObject\",\"inLanguage\":\"de\",\"@id\":\"https:\\\/\\\/www.neo-messtechnik.com\\\/en\\\/#\\\/schema\\\/logo\\\/image\\\/\",\"url\":\"https:\\\/\\\/www.neo-messtechnik.com\\\/wp-content\\\/uploads\\\/2020\\\/02\\\/Logo-german-english-3.png\",\"contentUrl\":\"https:\\\/\\\/www.neo-messtechnik.com\\\/wp-content\\\/uploads\\\/2020\\\/02\\\/Logo-german-english-3.png\",\"width\":466,\"height\":264,\"caption\":\"NEO Messtechnik GmbH\"},\"image\":{\"@id\":\"https:\\\/\\\/www.neo-messtechnik.com\\\/en\\\/#\\\/schema\\\/logo\\\/image\\\/\"},\"sameAs\":[\"http:\\\/\\\/linkedin.com\\\/company\\\/neo-messtechnik\"]}]}<\/script>\n<!-- \/ Yoast SEO plugin. -->","yoast_head_json":{"title":"CONDIS SA - Solution Partner - NEO Messtechnik","description":"Power Quality Measurements in High and Extra High Voltage Networks. Neo Messtechnik and Condis SA offer a complete solution!","robots":{"index":"index","follow":"follow","max-snippet":"max-snippet:-1","max-image-preview":"max-image-preview:large","max-video-preview":"max-video-preview:-1"},"canonical":"https:\/\/www.neo-messtechnik.com\/de\/condis-sa-solution-partner\/","og_locale":"de_DE","og_type":"article","og_title":"CONDIS SA - Solution Partner - NEO Messtechnik","og_description":"Power Quality Measurements in High and Extra High Voltage Networks. Neo Messtechnik and Condis SA offer a complete solution!","og_url":"https:\/\/www.neo-messtechnik.com\/de\/condis-sa-solution-partner\/","og_site_name":"NEO Messtechnik","article_modified_time":"2023-02-21T15:23:00+00:00","twitter_card":"summary_large_image","twitter_misc":{"Gesch\u00e4tzte Lesezeit":"1\u00a0Minute"},"schema":{"@context":"https:\/\/schema.org","@graph":[{"@type":"WebPage","@id":"https:\/\/www.neo-messtechnik.com\/condis-sa-solution-partner","url":"https:\/\/www.neo-messtechnik.com\/condis-sa-solution-partner","name":"CONDIS SA - Solution Partner - NEO Messtechnik","isPartOf":{"@id":"https:\/\/www.neo-messtechnik.com\/en\/#website"},"datePublished":"2023-02-07T14:57:11+00:00","dateModified":"2023-02-21T15:23:00+00:00","description":"Power Quality Measurements in High and Extra High Voltage Networks. Neo Messtechnik and Condis SA offer a complete solution!","breadcrumb":{"@id":"https:\/\/www.neo-messtechnik.com\/condis-sa-solution-partner#breadcrumb"},"inLanguage":"de","potentialAction":[{"@type":"ReadAction","target":["https:\/\/www.neo-messtechnik.com\/condis-sa-solution-partner"]}]},{"@type":"BreadcrumbList","@id":"https:\/\/www.neo-messtechnik.com\/condis-sa-solution-partner#breadcrumb","itemListElement":[{"@type":"ListItem","position":1,"name":"Home","item":"https:\/\/www.neo-messtechnik.com\/"},{"@type":"ListItem","position":2,"name":"CONDIS SA &#8211; Solution Partner"}]},{"@type":"WebSite","@id":"https:\/\/www.neo-messtechnik.com\/en\/#website","url":"https:\/\/www.neo-messtechnik.com\/en\/","name":"NEO Messtechnik","description":"Power Quality with perfection","publisher":{"@id":"https:\/\/www.neo-messtechnik.com\/en\/#organization"},"potentialAction":[{"@type":"SearchAction","target":{"@type":"EntryPoint","urlTemplate":"https:\/\/www.neo-messtechnik.com\/en\/?s={search_term_string}"},"query-input":{"@type":"PropertyValueSpecification","valueRequired":true,"valueName":"search_term_string"}}],"inLanguage":"de"},{"@type":"Organization","@id":"https:\/\/www.neo-messtechnik.com\/en\/#organization","name":"NEO Messtechnik GmbH","url":"https:\/\/www.neo-messtechnik.com\/en\/","logo":{"@type":"ImageObject","inLanguage":"de","@id":"https:\/\/www.neo-messtechnik.com\/en\/#\/schema\/logo\/image\/","url":"https:\/\/www.neo-messtechnik.com\/wp-content\/uploads\/2020\/02\/Logo-german-english-3.png","contentUrl":"https:\/\/www.neo-messtechnik.com\/wp-content\/uploads\/2020\/02\/Logo-german-english-3.png","width":466,"height":264,"caption":"NEO Messtechnik GmbH"},"image":{"@id":"https:\/\/www.neo-messtechnik.com\/en\/#\/schema\/logo\/image\/"},"sameAs":["http:\/\/linkedin.com\/company\/neo-messtechnik"]}]}},"_links":{"self":[{"href":"http:\/\/www.neo-messtechnik.com\/de\/wp-json\/wp\/v2\/pages\/8133","targetHints":{"allow":["GET"]}}],"collection":[{"href":"http:\/\/www.neo-messtechnik.com\/de\/wp-json\/wp\/v2\/pages"}],"about":[{"href":"http:\/\/www.neo-messtechnik.com\/de\/wp-json\/wp\/v2\/types\/page"}],"author":[{"embeddable":true,"href":"http:\/\/www.neo-messtechnik.com\/de\/wp-json\/wp\/v2\/users\/1"}],"replies":[{"embeddable":true,"href":"http:\/\/www.neo-messtechnik.com\/de\/wp-json\/wp\/v2\/comments?post=8133"}],"version-history":[{"count":4,"href":"http:\/\/www.neo-messtechnik.com\/de\/wp-json\/wp\/v2\/pages\/8133\/revisions"}],"predecessor-version":[{"id":8195,"href":"http:\/\/www.neo-messtechnik.com\/de\/wp-json\/wp\/v2\/pages\/8133\/revisions\/8195"}],"wp:attachment":[{"href":"http:\/\/www.neo-messtechnik.com\/de\/wp-json\/wp\/v2\/media?parent=8133"}],"curies":[{"name":"wp","href":"https:\/\/api.w.org\/{rel}","templated":true}]}}